{"id":742,"date":"2015-03-17T14:04:41","date_gmt":"2015-03-17T14:04:41","guid":{"rendered":"https:\/\/mickewp.cloudshare.info\/?page_id=742"},"modified":"2016-01-04T14:02:10","modified_gmt":"2016-01-04T13:02:10","slug":"vip","status":"publish","type":"page","link":"https:\/\/mickewp.cloudshare.info\/?page_id=742","title":{"rendered":"VIP sektion"},"content":{"rendered":"<h2><span style=\"color: #cab800;\">VIP<\/span><\/h2>\n<p>&nbsp;<\/p>\n<p>F\u00f6r att se inneh\u00e5llet i vissa undersidor p\u00e5\u00a0denna\u00a0sektion beh\u00f6ver du registrera dig. Det g\u00e5r p\u00e5 under 1 minut sen \u00e4r det klart. \u00c4r du redan inloggad och hamnade h\u00e4r \u00e4r det bara klicka dig vidare p\u00e5 alla undersidorna.<\/p>\n<p>&nbsp;<\/p>\n<p>Du tillg\u00e5ng till:<\/p>\n<ul>\n<li>M\u00f6jlighet att\u00a0 l\u00e4gga upp egna foton i <a href=\"https:\/\/mickewp.cloudshare.info\/vip-galleri\/\">VIP galleriet<\/a><\/li>\n<li>M\u00f6jlighet att l\u00e4gga upp egna <a href=\"https:\/\/mickewp.cloudshare.info\/fototips\/\">fototips<\/a><\/li>\n<li>Kommentarsforum<\/li>\n<li>Redigera din VIP profil<\/li>\n<\/ul>\n<p>&nbsp;<\/p>\n<p>N\u00e4sta funktion att tillkomma:<\/p>\n<ul>\n<li>Presentera dig sj\u00e4lv<\/li>\n<\/ul>\n<p>&nbsp;<\/p>\n<p>&nbsp;<\/p>\n<p>Har du tips p\u00e5 roliga funktioner f\u00f6r sektionen s\u00e5 h\u00f6r av dig. Inga f\u00f6rslag \u00e4r d\u00e5liga f\u00f6rslag.<\/p>\n<p>&nbsp;<\/p>\n","protected":false},"excerpt":{"rendered":"<p>VIP &nbsp; F\u00f6r att se inneh\u00e5llet i vissa undersidor p\u00e5\u00a0denna\u00a0sektion beh\u00f6ver du registrera dig. Det g\u00e5r p\u00e5 under 1 minut sen \u00e4r det klart. \u00c4r du redan inloggad och hamnade h\u00e4r \u00e4r det bara klicka dig vidare p\u00e5 alla undersidorna. &nbsp; Du tillg\u00e5ng till: M\u00f6jlighet att\u00a0 l\u00e4gga upp egna foton i VIP galleriet M\u00f6jlighet att [&hellip;]<\/p>\n","protected":false},"author":1,"featured_media":0,"parent":0,"menu_order":4,"comment_status":"closed","ping_status":"open","template":"","meta":[],"yoast_head":"<!-- This site is optimized with the Yoast SEO plugin v20.12 - https:\/\/yoast.com\/wordpress\/plugins\/seo\/ -->\n<title>VIP - Slacksson - F\u00e5 det d\u00e4r lilla extra<\/title>\n<meta name=\"description\" content=\"Bli VIP p\u00e5 slacksson.se. F\u00e5 m\u00f6jlighet att bland annat l\u00e4gga upp egna foton och tillg\u00e5ng till fotoredigerare. Varf\u00f6r inte ge andra VIP:s dina b\u00e4sta fototips.\" \/>\n<meta name=\"robots\" content=\"index, follow, max-snippet:-1, max-image-preview:large, max-video-preview:-1\" \/>\n<link rel=\"canonical\" href=\"https:\/\/mickewp.cloudshare.info\/?page_id=742\" \/>\n<meta property=\"og:locale\" content=\"sv_SE\" \/>\n<meta property=\"og:type\" content=\"article\" \/>\n<meta property=\"og:title\" content=\"VIP - Slacksson - F\u00e5 det d\u00e4r lilla extra\" \/>\n<meta property=\"og:description\" content=\"Bli VIP p\u00e5 slacksson.se. F\u00e5 m\u00f6jlighet att bland annat l\u00e4gga upp egna foton och tillg\u00e5ng till fotoredigerare. Varf\u00f6r inte ge andra VIP:s dina b\u00e4sta fototips.\" \/>\n<meta property=\"og:url\" content=\"https:\/\/mickewp.cloudshare.info\/?page_id=742\" \/>\n<meta property=\"og:site_name\" content=\"Slacksson\" \/>\n<meta property=\"article:modified_time\" content=\"2016-01-04T13:02:10+00:00\" \/>\n<meta name=\"twitter:card\" content=\"summary_large_image\" \/>\n<meta name=\"twitter:site\" content=\"@slacksson\" \/>\n<meta name=\"twitter:label1\" content=\"Ber\u00e4knad l\u00e4stid\" \/>\n\t<meta name=\"twitter:data1\" content=\"1 minut\" \/>\n<script type=\"application\/ld+json\" class=\"yoast-schema-graph\">{\"@context\":\"https:\/\/schema.org\",\"@graph\":[{\"@type\":\"WebPage\",\"@id\":\"https:\/\/mickewp.cloudshare.info\/?page_id=742\",\"url\":\"https:\/\/mickewp.cloudshare.info\/?page_id=742\",\"name\":\"VIP - Slacksson - F\u00e5 det d\u00e4r lilla extra\",\"isPartOf\":{\"@id\":\"https:\/\/mickewp.cloudshare.info\/#website\"},\"datePublished\":\"2015-03-17T14:04:41+00:00\",\"dateModified\":\"2016-01-04T13:02:10+00:00\",\"description\":\"Bli VIP p\u00e5 slacksson.se. F\u00e5 m\u00f6jlighet att bland annat l\u00e4gga upp egna foton och tillg\u00e5ng till fotoredigerare. Varf\u00f6r inte ge andra VIP:s dina b\u00e4sta fototips.\",\"breadcrumb\":{\"@id\":\"https:\/\/mickewp.cloudshare.info\/?page_id=742#breadcrumb\"},\"inLanguage\":\"sv-SE\",\"potentialAction\":[{\"@type\":\"ReadAction\",\"target\":[\"https:\/\/mickewp.cloudshare.info\/?page_id=742\"]}]},{\"@type\":\"BreadcrumbList\",\"@id\":\"https:\/\/mickewp.cloudshare.info\/?page_id=742#breadcrumb\",\"itemListElement\":[{\"@type\":\"ListItem\",\"position\":1,\"name\":\"Hem\",\"item\":\"https:\/\/mickewp.cloudshare.info\/\"},{\"@type\":\"ListItem\",\"position\":2,\"name\":\"VIP sektion\"}]},{\"@type\":\"WebSite\",\"@id\":\"https:\/\/mickewp.cloudshare.info\/#website\",\"url\":\"https:\/\/mickewp.cloudshare.info\/\",\"name\":\"Slacksson\",\"description\":\"\",\"potentialAction\":[{\"@type\":\"SearchAction\",\"target\":{\"@type\":\"EntryPoint\",\"urlTemplate\":\"https:\/\/mickewp.cloudshare.info\/?s={search_term_string}\"},\"query-input\":\"required name=search_term_string\"}],\"inLanguage\":\"sv-SE\"}]}<\/script>\n<!-- \/ Yoast SEO plugin. -->","yoast_head_json":{"title":"VIP - Slacksson - F\u00e5 det d\u00e4r lilla extra","description":"Bli VIP p\u00e5 slacksson.se. F\u00e5 m\u00f6jlighet att bland annat l\u00e4gga upp egna foton och tillg\u00e5ng till fotoredigerare. Varf\u00f6r inte ge andra VIP:s dina b\u00e4sta fototips.","robots":{"index":"index","follow":"follow","max-snippet":"max-snippet:-1","max-image-preview":"max-image-preview:large","max-video-preview":"max-video-preview:-1"},"canonical":"https:\/\/mickewp.cloudshare.info\/?page_id=742","og_locale":"sv_SE","og_type":"article","og_title":"VIP - Slacksson - F\u00e5 det d\u00e4r lilla extra","og_description":"Bli VIP p\u00e5 slacksson.se. F\u00e5 m\u00f6jlighet att bland annat l\u00e4gga upp egna foton och tillg\u00e5ng till fotoredigerare. Varf\u00f6r inte ge andra VIP:s dina b\u00e4sta fototips.","og_url":"https:\/\/mickewp.cloudshare.info\/?page_id=742","og_site_name":"Slacksson","article_modified_time":"2016-01-04T13:02:10+00:00","twitter_card":"summary_large_image","twitter_site":"@slacksson","twitter_misc":{"Ber\u00e4knad l\u00e4stid":"1 minut"},"schema":{"@context":"https:\/\/schema.org","@graph":[{"@type":"WebPage","@id":"https:\/\/mickewp.cloudshare.info\/?page_id=742","url":"https:\/\/mickewp.cloudshare.info\/?page_id=742","name":"VIP - Slacksson - F\u00e5 det d\u00e4r lilla extra","isPartOf":{"@id":"https:\/\/mickewp.cloudshare.info\/#website"},"datePublished":"2015-03-17T14:04:41+00:00","dateModified":"2016-01-04T13:02:10+00:00","description":"Bli VIP p\u00e5 slacksson.se. F\u00e5 m\u00f6jlighet att bland annat l\u00e4gga upp egna foton och tillg\u00e5ng till fotoredigerare. Varf\u00f6r inte ge andra VIP:s dina b\u00e4sta fototips.","breadcrumb":{"@id":"https:\/\/mickewp.cloudshare.info\/?page_id=742#breadcrumb"},"inLanguage":"sv-SE","potentialAction":[{"@type":"ReadAction","target":["https:\/\/mickewp.cloudshare.info\/?page_id=742"]}]},{"@type":"BreadcrumbList","@id":"https:\/\/mickewp.cloudshare.info\/?page_id=742#breadcrumb","itemListElement":[{"@type":"ListItem","position":1,"name":"Hem","item":"https:\/\/mickewp.cloudshare.info\/"},{"@type":"ListItem","position":2,"name":"VIP sektion"}]},{"@type":"WebSite","@id":"https:\/\/mickewp.cloudshare.info\/#website","url":"https:\/\/mickewp.cloudshare.info\/","name":"Slacksson","description":"","potentialAction":[{"@type":"SearchAction","target":{"@type":"EntryPoint","urlTemplate":"https:\/\/mickewp.cloudshare.info\/?s={search_term_string}"},"query-input":"required name=search_term_string"}],"inLanguage":"sv-SE"}]}},"_links":{"self":[{"href":"https:\/\/mickewp.cloudshare.info\/index.php?rest_route=\/wp\/v2\/pages\/742"}],"collection":[{"href":"https:\/\/mickewp.cloudshare.info\/index.php?rest_route=\/wp\/v2\/pages"}],"about":[{"href":"https:\/\/mickewp.cloudshare.info\/index.php?rest_route=\/wp\/v2\/types\/page"}],"author":[{"embeddable":true,"href":"https:\/\/mickewp.cloudshare.info\/index.php?rest_route=\/wp\/v2\/users\/1"}],"replies":[{"embeddable":true,"href":"https:\/\/mickewp.cloudshare.info\/index.php?rest_route=%2Fwp%2Fv2%2Fcomments&post=742"}],"version-history":[{"count":0,"href":"https:\/\/mickewp.cloudshare.info\/index.php?rest_route=\/wp\/v2\/pages\/742\/revisions"}],"wp:attachment":[{"href":"https:\/\/mickewp.cloudshare.info\/index.php?rest_route=%2Fwp%2Fv2%2Fmedia&parent=742"}],"curies":[{"name":"wp","href":"https:\/\/api.w.org\/{rel}","templated":true}]}}