{"id":5745,"date":"2016-03-29T08:53:08","date_gmt":"2016-03-29T06:53:08","guid":{"rendered":"https:\/\/mickewp.cloudshare.info\/?page_id=5745"},"modified":"2016-03-29T09:00:13","modified_gmt":"2016-03-29T07:00:13","slug":"bottennapp","status":"publish","type":"page","link":"https:\/\/mickewp.cloudshare.info\/?page_id=5745","title":{"rendered":"Bottennapp"},"content":{"rendered":"<h2>Bottennapp<\/h2>\n<p>&nbsp;<\/p>\n<p>Till skillnad fr\u00e5n fr\u00e5n sektionerna <a href=\"https:\/\/mickewp.cloudshare.info\/filmtips\/\">Filmtips<\/a> och <a href=\"https:\/\/mickewp.cloudshare.info\/tv-serietips\/\">TV-Serietips<\/a> (<em>som \u00e4r s\u00e5dant jag rekommenderar<\/em>) s\u00e5 \u00e4r bottennapp\u00a0en lista p\u00e5 filmer och TV-Serier du kanske ska undvika d\u00e5 dem enligt mitt tycke \u00e4r riktiga bottennapp.<\/p>\n<p>&nbsp;<\/p>\n<p>&#8211;<\/p>\n","protected":false},"excerpt":{"rendered":"<p>Bottennapp &nbsp; Till skillnad fr\u00e5n fr\u00e5n sektionerna Filmtips och TV-Serietips (som \u00e4r s\u00e5dant jag rekommenderar) s\u00e5 \u00e4r bottennapp\u00a0en lista p\u00e5 filmer och TV-Serier du kanske ska undvika d\u00e5 dem enligt mitt tycke \u00e4r riktiga bottennapp. &nbsp; &#8211;<\/p>\n","protected":false},"author":1,"featured_media":0,"parent":0,"menu_order":0,"comment_status":"closed","ping_status":"closed","template":"","meta":[],"yoast_head":"<!-- This site is optimized with the Yoast SEO plugin v20.12 - https:\/\/yoast.com\/wordpress\/plugins\/seo\/ -->\n<title>Bottennapp - Slacksson<\/title>\n<meta name=\"robots\" content=\"index, follow, max-snippet:-1, max-image-preview:large, max-video-preview:-1\" \/>\n<link rel=\"canonical\" href=\"https:\/\/mickewp.cloudshare.info\/?page_id=5745\" \/>\n<meta property=\"og:locale\" content=\"sv_SE\" \/>\n<meta property=\"og:type\" content=\"article\" \/>\n<meta property=\"og:title\" content=\"Bottennapp - Slacksson\" \/>\n<meta property=\"og:description\" content=\"Bottennapp &nbsp; Till skillnad fr\u00e5n fr\u00e5n sektionerna Filmtips och TV-Serietips (som \u00e4r s\u00e5dant jag rekommenderar) s\u00e5 \u00e4r bottennapp\u00a0en lista p\u00e5 filmer och TV-Serier du kanske ska undvika d\u00e5 dem enligt mitt tycke \u00e4r riktiga bottennapp. &nbsp; &#8211;\" \/>\n<meta property=\"og:url\" content=\"https:\/\/mickewp.cloudshare.info\/?page_id=5745\" \/>\n<meta property=\"og:site_name\" content=\"Slacksson\" \/>\n<meta property=\"article:modified_time\" content=\"2016-03-29T07:00:13+00:00\" \/>\n<meta name=\"twitter:card\" content=\"summary_large_image\" \/>\n<meta name=\"twitter:site\" content=\"@slacksson\" \/>\n<script type=\"application\/ld+json\" class=\"yoast-schema-graph\">{\"@context\":\"https:\/\/schema.org\",\"@graph\":[{\"@type\":\"WebPage\",\"@id\":\"https:\/\/mickewp.cloudshare.info\/?page_id=5745\",\"url\":\"https:\/\/mickewp.cloudshare.info\/?page_id=5745\",\"name\":\"Bottennapp - Slacksson\",\"isPartOf\":{\"@id\":\"https:\/\/mickewp.cloudshare.info\/#website\"},\"datePublished\":\"2016-03-29T06:53:08+00:00\",\"dateModified\":\"2016-03-29T07:00:13+00:00\",\"breadcrumb\":{\"@id\":\"https:\/\/mickewp.cloudshare.info\/?page_id=5745#breadcrumb\"},\"inLanguage\":\"sv-SE\",\"potentialAction\":[{\"@type\":\"ReadAction\",\"target\":[\"https:\/\/mickewp.cloudshare.info\/?page_id=5745\"]}]},{\"@type\":\"BreadcrumbList\",\"@id\":\"https:\/\/mickewp.cloudshare.info\/?page_id=5745#breadcrumb\",\"itemListElement\":[{\"@type\":\"ListItem\",\"position\":1,\"name\":\"Hem\",\"item\":\"https:\/\/mickewp.cloudshare.info\/\"},{\"@type\":\"ListItem\",\"position\":2,\"name\":\"Bottennapp\"}]},{\"@type\":\"WebSite\",\"@id\":\"https:\/\/mickewp.cloudshare.info\/#website\",\"url\":\"https:\/\/mickewp.cloudshare.info\/\",\"name\":\"Slacksson\",\"description\":\"\",\"potentialAction\":[{\"@type\":\"SearchAction\",\"target\":{\"@type\":\"EntryPoint\",\"urlTemplate\":\"https:\/\/mickewp.cloudshare.info\/?s={search_term_string}\"},\"query-input\":\"required name=search_term_string\"}],\"inLanguage\":\"sv-SE\"}]}<\/script>\n<!-- \/ Yoast SEO plugin. -->","yoast_head_json":{"title":"Bottennapp - Slacksson","robots":{"index":"index","follow":"follow","max-snippet":"max-snippet:-1","max-image-preview":"max-image-preview:large","max-video-preview":"max-video-preview:-1"},"canonical":"https:\/\/mickewp.cloudshare.info\/?page_id=5745","og_locale":"sv_SE","og_type":"article","og_title":"Bottennapp - Slacksson","og_description":"Bottennapp &nbsp; Till skillnad fr\u00e5n fr\u00e5n sektionerna Filmtips och TV-Serietips (som \u00e4r s\u00e5dant jag rekommenderar) s\u00e5 \u00e4r bottennapp\u00a0en lista p\u00e5 filmer och TV-Serier du kanske ska undvika d\u00e5 dem enligt mitt tycke \u00e4r riktiga bottennapp. &nbsp; &#8211;","og_url":"https:\/\/mickewp.cloudshare.info\/?page_id=5745","og_site_name":"Slacksson","article_modified_time":"2016-03-29T07:00:13+00:00","twitter_card":"summary_large_image","twitter_site":"@slacksson","schema":{"@context":"https:\/\/schema.org","@graph":[{"@type":"WebPage","@id":"https:\/\/mickewp.cloudshare.info\/?page_id=5745","url":"https:\/\/mickewp.cloudshare.info\/?page_id=5745","name":"Bottennapp - Slacksson","isPartOf":{"@id":"https:\/\/mickewp.cloudshare.info\/#website"},"datePublished":"2016-03-29T06:53:08+00:00","dateModified":"2016-03-29T07:00:13+00:00","breadcrumb":{"@id":"https:\/\/mickewp.cloudshare.info\/?page_id=5745#breadcrumb"},"inLanguage":"sv-SE","potentialAction":[{"@type":"ReadAction","target":["https:\/\/mickewp.cloudshare.info\/?page_id=5745"]}]},{"@type":"BreadcrumbList","@id":"https:\/\/mickewp.cloudshare.info\/?page_id=5745#breadcrumb","itemListElement":[{"@type":"ListItem","position":1,"name":"Hem","item":"https:\/\/mickewp.cloudshare.info\/"},{"@type":"ListItem","position":2,"name":"Bottennapp"}]},{"@type":"WebSite","@id":"https:\/\/mickewp.cloudshare.info\/#website","url":"https:\/\/mickewp.cloudshare.info\/","name":"Slacksson","description":"","potentialAction":[{"@type":"SearchAction","target":{"@type":"EntryPoint","urlTemplate":"https:\/\/mickewp.cloudshare.info\/?s={search_term_string}"},"query-input":"required name=search_term_string"}],"inLanguage":"sv-SE"}]}},"_links":{"self":[{"href":"https:\/\/mickewp.cloudshare.info\/index.php?rest_route=\/wp\/v2\/pages\/5745"}],"collection":[{"href":"https:\/\/mickewp.cloudshare.info\/index.php?rest_route=\/wp\/v2\/pages"}],"about":[{"href":"https:\/\/mickewp.cloudshare.info\/index.php?rest_route=\/wp\/v2\/types\/page"}],"author":[{"embeddable":true,"href":"https:\/\/mickewp.cloudshare.info\/index.php?rest_route=\/wp\/v2\/users\/1"}],"replies":[{"embeddable":true,"href":"https:\/\/mickewp.cloudshare.info\/index.php?rest_route=%2Fwp%2Fv2%2Fcomments&post=5745"}],"version-history":[{"count":5,"href":"https:\/\/mickewp.cloudshare.info\/index.php?rest_route=\/wp\/v2\/pages\/5745\/revisions"}],"predecessor-version":[{"id":5754,"href":"https:\/\/mickewp.cloudshare.info\/index.php?rest_route=\/wp\/v2\/pages\/5745\/revisions\/5754"}],"wp:attachment":[{"href":"https:\/\/mickewp.cloudshare.info\/index.php?rest_route=%2Fwp%2Fv2%2Fmedia&parent=5745"}],"curies":[{"name":"wp","href":"https:\/\/api.w.org\/{rel}","templated":true}]}}