{"id":24,"date":"2014-12-13T12:53:36","date_gmt":"2014-12-13T12:53:36","guid":{"rendered":"https:\/\/mickewp.cloudshare.info\/?page_id=24"},"modified":"2015-03-19T13:53:22","modified_gmt":"2015-03-19T13:53:22","slug":"kontakta","status":"publish","type":"page","link":"https:\/\/mickewp.cloudshare.info\/?page_id=24","title":{"rendered":"Kontakta"},"content":{"rendered":"<h2>Kontakta<\/h2>\n<p>&nbsp;<\/p>\n<p><span style=\"font-family: 'Gilda Display', sans-serif; font-size: 16px;\">\n<div class=\"wpcf7 no-js\" id=\"wpcf7-f63-o1\" lang=\"sv-SE\" dir=\"ltr\">\n<div class=\"screen-reader-response\"><p role=\"status\" aria-live=\"polite\" aria-atomic=\"true\"><\/p> <ul><\/ul><\/div>\n<form action=\"\/index.php?rest_route=%2Fwp%2Fv2%2Fpages%2F24#wpcf7-f63-o1\" method=\"post\" class=\"wpcf7-form init\" aria-label=\"Kontaktformul\u00e4r\" novalidate=\"novalidate\" data-status=\"init\">\n<div style=\"display: none;\">\n<input type=\"hidden\" name=\"_wpcf7\" value=\"63\" \/>\n<input type=\"hidden\" name=\"_wpcf7_version\" value=\"5.7.7\" \/>\n<input type=\"hidden\" name=\"_wpcf7_locale\" value=\"sv_SE\" \/>\n<input type=\"hidden\" name=\"_wpcf7_unit_tag\" value=\"wpcf7-f63-o1\" \/>\n<input type=\"hidden\" name=\"_wpcf7_container_post\" value=\"0\" \/>\n<input type=\"hidden\" name=\"_wpcf7_posted_data_hash\" value=\"\" \/>\n<\/div>\n<p>Ditt namn (obligatorisk)\n<\/p>\n<p><span class=\"wpcf7-form-control-wrap\" data-name=\"your-name\"><input size=\"40\" class=\"wpcf7-form-control wpcf7-text wpcf7-validates-as-required\" aria-required=\"true\" aria-invalid=\"false\" value=\"\" type=\"text\" name=\"your-name\" \/><\/span>\n<\/p>\n<p>Din epost (obligatorisk)\n<\/p>\n<p><span class=\"wpcf7-form-control-wrap\" data-name=\"your-email\"><input size=\"40\" class=\"wpcf7-form-control wpcf7-text wpcf7-email wpcf7-validates-as-required wpcf7-validates-as-email\" aria-required=\"true\" aria-invalid=\"false\" value=\"\" type=\"email\" name=\"your-email\" \/><\/span>\n<\/p>\n<p>\u00c4mne\n<\/p>\n<p><span class=\"wpcf7-form-control-wrap\" data-name=\"your-subject\"><input size=\"40\" class=\"wpcf7-form-control wpcf7-text\" aria-invalid=\"false\" value=\"\" type=\"text\" name=\"your-subject\" \/><\/span>\n<\/p>\n<p>Ditt meddelande\n<\/p>\n<p><span class=\"wpcf7-form-control-wrap\" data-name=\"your-message\"><textarea cols=\"40\" rows=\"10\" class=\"wpcf7-form-control wpcf7-textarea\" aria-invalid=\"false\" name=\"your-message\"><\/textarea><\/span>\n<\/p>\n<p><span id=\"wpcf7-6a06bce9cca21-wrapper\" class=\"wpcf7-form-control-wrap slackssonrules-791-wrap\" style=\"display:none !important; visibility:hidden !important;\"><label for=\"wpcf7-6a06bce9cca21-field\" class=\"hp-message\">L\u00e4mna detta f\u00e4lt tomt.<\/label><input id=\"wpcf7-6a06bce9cca21-field\"  class=\"wpcf7-form-control wpcf7-text\" type=\"text\" name=\"slackssonrules-791\" value=\"\" size=\"40\" tabindex=\"-1\" autocomplete=\"new-password\" \/><\/span><br \/>\n<span class=\"wpcf7-form-control-wrap kc_captcha\" data-name=\"kc_captcha\"><span class=\"wpcf7-form-control wpcf7-radio\"> \n    <span class=\"captcha-image\" >\n        <span class=\"cf7ic_instructions\">Bevisa att du \u00e4r m\u00e4nniska genom att v\u00e4lja <span> Bil<\/span>.<\/span><label><input type=\"radio\" name=\"kc_captcha\" value=\"bot\" \/><svg width=\"50\" height=\"50\" aria-hidden=\"true\" role=\"img\" xmlns=\"http:\/\/www.w3.org\/2000\/svg\" viewBox=\"0 0 576 512\"><path fill=\"currentColor\" d=\"M488 313v143c0 13-11 24-24 24H348c-7 0-12-5-12-12V356c0-7-5-12-12-12h-72c-7 0-12 5-12 12v112c0 7-5 12-12 12H112c-13 0-24-11-24-24V313c0-4 2-7 4-10l188-154c5-4 11-4 16 0l188 154c2 3 4 6 4 10zm84-61l-84-69V44c0-6-5-12-12-12h-56c-7 0-12 6-12 12v73l-89-74a48 48 0 00-61 0L4 252c-5 4-5 12-1 17l25 31c5 5 12 5 17 1l235-193c5-4 11-4 16 0l235 193c5 5 13 4 17-1l25-31c4-6 4-13-1-17z\"\/><\/svg><\/label><label><input type=\"radio\" name=\"kc_captcha\" value=\"kc_human\" \/><svg width=\"50\" height=\"50\" aria-hidden=\"true\" role=\"img\" xmlns=\"http:\/\/www.w3.org\/2000\/svg\" viewBox=\"0 0 512 512\"><path fill=\"currentColor\" d=\"M500 168h-55l-8-21a127 127 0 00-120-83H195a127 127 0 00-120 83l-8 21H12c-8 0-14 8-11 16l8 24a12 12 0 0011 8h29a64 64 0 00-33 56v48c0 16 6 31 16 42v62c0 13 11 24 24 24h48c13 0 24-11 24-24v-40h256v40c0 13 11 24 24 24h48c13 0 24-11 24-24v-62c10-11 16-26 16-42v-48c0-24-13-45-33-56h29a12 12 0 0011-8l8-24c3-8-3-16-11-16zm-365 2c9-25 33-42 60-42h122c27 0 51 17 60 42l15 38H120l15-38zM88 328a32 32 0 010-64c18 0 48 30 48 48s-30 16-48 16zm336 0c-18 0-48 2-48-16s30-48 48-48 32 14 32 32-14 32-32 32z\"\/><\/svg><\/label><label><input type=\"radio\" name=\"kc_captcha\" value=\"bot\" \/><svg width=\"50\" height=\"50\" aria-hidden=\"true\" role=\"img\" xmlns=\"http:\/\/www.w3.org\/2000\/svg\" viewBox=\"0 0 512 512\"><path fill=\"currentColor\" d=\"M350 99c-54 0-98-35-166-35-25 0-47 4-68 12a56 56 0 004-24C118 24 95 1 66 0a56 56 0 00-34 102v386c0 13 11 24 24 24h16c13 0 24-11 24-24v-94c28-12 64-23 114-23 54 0 98 35 166 35 48 0 86-16 122-41 9-6 14-15 14-26V96c0-23-24-39-45-29-35 16-77 32-117 32z\"\/><\/svg><\/label>\n    <\/span>\n    <span style=\"display:none\">\n        <input type=\"text\" name=\"kc_honeypot\">\n    <\/span><\/span><\/span>\n<\/p>\n<p><input class=\"wpcf7-form-control has-spinner wpcf7-submit\" type=\"submit\" value=\"SKICKA\" \/>\n<\/p><div class=\"wpcf7-response-output\" aria-hidden=\"true\"><\/div>\n<\/form>\n<\/div>\n<\/span><\/p>\n","protected":false},"excerpt":{"rendered":"<p>Kontakta &nbsp;<\/p>\n","protected":false},"author":1,"featured_media":0,"parent":0,"menu_order":3,"comment_status":"closed","ping_status":"open","template":"","meta":[],"yoast_head":"<!-- This site is optimized with the Yoast SEO plugin v20.12 - https:\/\/yoast.com\/wordpress\/plugins\/seo\/ -->\n<title>Kontakta - Slacksson - Kom i kontakt med slacksson<\/title>\n<meta name=\"description\" content=\"Kom i kontakt med Slacksson om det \u00e4r n\u00e5got du har att fr\u00e5ga eller om du helt enkelt vill bli VIP. Kontakta slacksson nu.\" \/>\n<meta name=\"robots\" content=\"index, follow, max-snippet:-1, max-image-preview:large, max-video-preview:-1\" \/>\n<link rel=\"canonical\" href=\"https:\/\/mickewp.cloudshare.info\/?page_id=24\" \/>\n<meta property=\"og:locale\" content=\"sv_SE\" \/>\n<meta property=\"og:type\" content=\"article\" \/>\n<meta property=\"og:title\" content=\"Kontakta - Slacksson - Kom i kontakt med slacksson\" \/>\n<meta property=\"og:description\" content=\"Kom i kontakt med Slacksson om det \u00e4r n\u00e5got du har att fr\u00e5ga eller om du helt enkelt vill bli VIP. Kontakta slacksson nu.\" \/>\n<meta property=\"og:url\" content=\"https:\/\/mickewp.cloudshare.info\/?page_id=24\" \/>\n<meta property=\"og:site_name\" content=\"Slacksson\" \/>\n<meta property=\"article:modified_time\" content=\"2015-03-19T13:53:22+00:00\" \/>\n<meta name=\"twitter:card\" content=\"summary_large_image\" \/>\n<meta name=\"twitter:site\" content=\"@slacksson\" \/>\n<script type=\"application\/ld+json\" class=\"yoast-schema-graph\">{\"@context\":\"https:\/\/schema.org\",\"@graph\":[{\"@type\":\"WebPage\",\"@id\":\"https:\/\/mickewp.cloudshare.info\/?page_id=24\",\"url\":\"https:\/\/mickewp.cloudshare.info\/?page_id=24\",\"name\":\"Kontakta - Slacksson - Kom i kontakt med slacksson\",\"isPartOf\":{\"@id\":\"https:\/\/mickewp.cloudshare.info\/#website\"},\"datePublished\":\"2014-12-13T12:53:36+00:00\",\"dateModified\":\"2015-03-19T13:53:22+00:00\",\"description\":\"Kom i kontakt med Slacksson om det \u00e4r n\u00e5got du har att fr\u00e5ga eller om du helt enkelt vill bli VIP. Kontakta slacksson nu.\",\"breadcrumb\":{\"@id\":\"https:\/\/mickewp.cloudshare.info\/?page_id=24#breadcrumb\"},\"inLanguage\":\"sv-SE\",\"potentialAction\":[{\"@type\":\"ReadAction\",\"target\":[\"https:\/\/mickewp.cloudshare.info\/?page_id=24\"]}]},{\"@type\":\"BreadcrumbList\",\"@id\":\"https:\/\/mickewp.cloudshare.info\/?page_id=24#breadcrumb\",\"itemListElement\":[{\"@type\":\"ListItem\",\"position\":1,\"name\":\"Hem\",\"item\":\"https:\/\/mickewp.cloudshare.info\/\"},{\"@type\":\"ListItem\",\"position\":2,\"name\":\"Kontakta\"}]},{\"@type\":\"WebSite\",\"@id\":\"https:\/\/mickewp.cloudshare.info\/#website\",\"url\":\"https:\/\/mickewp.cloudshare.info\/\",\"name\":\"Slacksson\",\"description\":\"\",\"potentialAction\":[{\"@type\":\"SearchAction\",\"target\":{\"@type\":\"EntryPoint\",\"urlTemplate\":\"https:\/\/mickewp.cloudshare.info\/?s={search_term_string}\"},\"query-input\":\"required name=search_term_string\"}],\"inLanguage\":\"sv-SE\"}]}<\/script>\n<!-- \/ Yoast SEO plugin. -->","yoast_head_json":{"title":"Kontakta - Slacksson - Kom i kontakt med slacksson","description":"Kom i kontakt med Slacksson om det \u00e4r n\u00e5got du har att fr\u00e5ga eller om du helt enkelt vill bli VIP. Kontakta slacksson nu.","robots":{"index":"index","follow":"follow","max-snippet":"max-snippet:-1","max-image-preview":"max-image-preview:large","max-video-preview":"max-video-preview:-1"},"canonical":"https:\/\/mickewp.cloudshare.info\/?page_id=24","og_locale":"sv_SE","og_type":"article","og_title":"Kontakta - Slacksson - Kom i kontakt med slacksson","og_description":"Kom i kontakt med Slacksson om det \u00e4r n\u00e5got du har att fr\u00e5ga eller om du helt enkelt vill bli VIP. Kontakta slacksson nu.","og_url":"https:\/\/mickewp.cloudshare.info\/?page_id=24","og_site_name":"Slacksson","article_modified_time":"2015-03-19T13:53:22+00:00","twitter_card":"summary_large_image","twitter_site":"@slacksson","schema":{"@context":"https:\/\/schema.org","@graph":[{"@type":"WebPage","@id":"https:\/\/mickewp.cloudshare.info\/?page_id=24","url":"https:\/\/mickewp.cloudshare.info\/?page_id=24","name":"Kontakta - Slacksson - Kom i kontakt med slacksson","isPartOf":{"@id":"https:\/\/mickewp.cloudshare.info\/#website"},"datePublished":"2014-12-13T12:53:36+00:00","dateModified":"2015-03-19T13:53:22+00:00","description":"Kom i kontakt med Slacksson om det \u00e4r n\u00e5got du har att fr\u00e5ga eller om du helt enkelt vill bli VIP. Kontakta slacksson nu.","breadcrumb":{"@id":"https:\/\/mickewp.cloudshare.info\/?page_id=24#breadcrumb"},"inLanguage":"sv-SE","potentialAction":[{"@type":"ReadAction","target":["https:\/\/mickewp.cloudshare.info\/?page_id=24"]}]},{"@type":"BreadcrumbList","@id":"https:\/\/mickewp.cloudshare.info\/?page_id=24#breadcrumb","itemListElement":[{"@type":"ListItem","position":1,"name":"Hem","item":"https:\/\/mickewp.cloudshare.info\/"},{"@type":"ListItem","position":2,"name":"Kontakta"}]},{"@type":"WebSite","@id":"https:\/\/mickewp.cloudshare.info\/#website","url":"https:\/\/mickewp.cloudshare.info\/","name":"Slacksson","description":"","potentialAction":[{"@type":"SearchAction","target":{"@type":"EntryPoint","urlTemplate":"https:\/\/mickewp.cloudshare.info\/?s={search_term_string}"},"query-input":"required name=search_term_string"}],"inLanguage":"sv-SE"}]}},"_links":{"self":[{"href":"https:\/\/mickewp.cloudshare.info\/index.php?rest_route=\/wp\/v2\/pages\/24"}],"collection":[{"href":"https:\/\/mickewp.cloudshare.info\/index.php?rest_route=\/wp\/v2\/pages"}],"about":[{"href":"https:\/\/mickewp.cloudshare.info\/index.php?rest_route=\/wp\/v2\/types\/page"}],"author":[{"embeddable":true,"href":"https:\/\/mickewp.cloudshare.info\/index.php?rest_route=\/wp\/v2\/users\/1"}],"replies":[{"embeddable":true,"href":"https:\/\/mickewp.cloudshare.info\/index.php?rest_route=%2Fwp%2Fv2%2Fcomments&post=24"}],"version-history":[{"count":0,"href":"https:\/\/mickewp.cloudshare.info\/index.php?rest_route=\/wp\/v2\/pages\/24\/revisions"}],"wp:attachment":[{"href":"https:\/\/mickewp.cloudshare.info\/index.php?rest_route=%2Fwp%2Fv2%2Fmedia&parent=24"}],"curies":[{"name":"wp","href":"https:\/\/api.w.org\/{rel}","templated":true}]}}