{"id":22,"date":"2014-12-13T12:53:26","date_gmt":"2014-12-13T12:53:26","guid":{"rendered":"https:\/\/mickewp.cloudshare.info\/?page_id=22"},"modified":"2018-11-06T09:14:26","modified_gmt":"2018-11-06T08:14:26","slug":"om","status":"publish","type":"page","link":"https:\/\/mickewp.cloudshare.info\/?page_id=22","title":{"rendered":"Om"},"content":{"rendered":"<h2>Om<\/h2>\n<p>&nbsp;<\/p>\n<p>Om Slacksson<\/p>\n<p><img decoding=\"async\" loading=\"lazy\" class=\"alignnone wp-image-23333 size-full\" src=\"http:\/\/mickewp.cloudshare.info\/wp-content\/uploads\/2018\/11\/slack2018.png\" alt=\"Slacksson\" width=\"180\" height=\"293\" \/><\/p>\n<p><span style=\"color: #0fbbff;\">\u00c5lder<\/span>: 38<\/p>\n<p><span style=\"color: #0fbbff;\">Plats<\/span>: Helsingborg<\/p>\n<p><span style=\"color: #0fbbff;\">Intressen<\/span>: Fotografering, bildredigering, webbdesign, sport, tr\u00e4ning, film, gaming<\/p>\n<p><span style=\"color: #0fbbff;\">Styrkor<\/span>: \u00d6dmjuk, lugn, glad, uppfinningsrik, impulsiv, gener\u00f6s, osj\u00e4lvisk<\/p>\n<p><span style=\"color: #0fbbff;\">Svagheter<\/span>: Impulsiv, ot\u00e5lig, gl\u00f6msk, konfliktr\u00e4dd, lite oplanerad<\/p>\n<p><span style=\"color: #0fbbff;\">Personlighet<\/span>: Introvert (<a href=\"http:\/\/www.16personalities.com\/isfp-personality\" target=\"_blank\" rel=\"noopener\">ISFP<\/a>, Introverted &#8211; Sensing &#8211; Feeling &#8211; Perciving)<\/p>\n<p>&nbsp;<\/p>\n<p><span style=\"color: #0fbbff;\">Har<\/span>: Diabetes. En oerh\u00f6rd sv\u00e5righet att kunna \u00e4ta pannkakor och v\u00e5fflor. En k\u00e4rlek till att l\u00e4sa Kalle Anka. En gedigen lista med ut\u00f6vade idrotter d\u00e4r innebandy var viktigast. Ett minne fr\u00e5n BB n\u00e4r jag var 2 \u00e5r gammal och bad min k\u00e4ra mor l\u00e4mna kvar lillebror som precis f\u00f6tts. Vunnit lite mer p\u00e5 tian-lotter tv\u00e5 g\u00e5nger. \u00c4tit pizza i snitt 2\u00a0ggr i veckan under 1 \u00e5r (det gick utm\u00e4rkt n\u00e4r jag var ung).\u00a0Slopat kolhydrater och socker i min kost. N\u00e4stan blivit uttagen i Robinson (detta var innan \u00e5r 2000 n\u00e4r det fortfarande var en vettig t\u00e4vling). Som barn lekt St\u00e5lmannen i helt korrekta trik\u00e5er med cape, S m\u00e4rke och allt (och antagligen trott mig vara honom f\u00f6r en kort stund ocks\u00e5). Cyklat snabbt p\u00e5 gatan (\u00e4ven detta som barn) varp\u00e5 lillebror sitter intill och kastar in en pinne i framd\u00e4cket&#8230;den flygturen p\u00e5 cykeln g\u00f6r ont i sj\u00e4len \u00e4n idag. St\u00e5tt p\u00e5 scen endast if\u00f6rd silvriga boxers. Krockat med ett r\u00e5djurskid. Haft en katt som heter Spiff och som numera bor hos min lillebror. Velat\u00a0mellan intressen p\u00e5 h\u00f6gskola och universitet, f\u00f6rst Idrott och h\u00e4lsa p\u00e5 h\u00f6gskola till Mediekurser p\u00e5 universitet och sen tillbaka till idrott med programmet Coaching och Sport Management p\u00e5 universitet. N\u00e4stan blivit piskad av kamelryttare i Egypten. F\u00e5tt en framtand utslagen med en golfklubba i baksving. Alltid \u00e4lskat havet men badar endast n\u00e4r det \u00e4r minst 22 grader i vattnet, kallt annars. Sv\u00e5rt att sova n\u00e4r det \u00e4r helt tyst och beckm\u00f6rkt.<\/p>\n<p>&nbsp;<\/p>\n<p><span style=\"color: #0fbbff;\">Betydelsefullt citat<\/span>:\u00a0Bona valetudo melior est quam maximae divitiae (God h\u00e4lsa \u00e4r mer v\u00e4rd \u00e4n st\u00f6rsta rikedom).<\/p>\n","protected":false},"excerpt":{"rendered":"<p>Om &nbsp; Om Slacksson \u00c5lder: 38 Plats: Helsingborg Intressen: Fotografering, bildredigering, webbdesign, sport, tr\u00e4ning, film, gaming Styrkor: \u00d6dmjuk, lugn, glad, uppfinningsrik, impulsiv, gener\u00f6s, osj\u00e4lvisk Svagheter: Impulsiv, ot\u00e5lig, gl\u00f6msk, konfliktr\u00e4dd, lite oplanerad Personlighet: Introvert (ISFP, Introverted &#8211; Sensing &#8211; Feeling &#8211; Perciving) &nbsp; Har: Diabetes. En oerh\u00f6rd sv\u00e5righet att kunna \u00e4ta pannkakor och v\u00e5fflor. En k\u00e4rlek [&hellip;]<\/p>\n","protected":false},"author":1,"featured_media":0,"parent":0,"menu_order":2,"comment_status":"closed","ping_status":"open","template":"","meta":[],"yoast_head":"<!-- This site is optimized with the Yoast SEO plugin v20.12 - https:\/\/yoast.com\/wordpress\/plugins\/seo\/ -->\n<title>Om - Slacksson - F\u00f6r dig som vill veta mer<\/title>\n<meta name=\"description\" content=\"Vill du veta mer om Slacksson? D\u00e5 har du hamnat helt r\u00e4tt. Info om amat\u00f6rfotografen i egen h\u00f6g person finns om du \u00e4r intresserad.\" \/>\n<meta name=\"robots\" content=\"index, follow, max-snippet:-1, max-image-preview:large, max-video-preview:-1\" \/>\n<link rel=\"canonical\" href=\"https:\/\/mickewp.cloudshare.info\/?page_id=22\" \/>\n<meta property=\"og:locale\" content=\"sv_SE\" \/>\n<meta property=\"og:type\" content=\"article\" \/>\n<meta property=\"og:title\" content=\"Om - Slacksson - F\u00f6r dig som vill veta mer\" \/>\n<meta property=\"og:description\" content=\"Vill du veta mer om Slacksson? D\u00e5 har du hamnat helt r\u00e4tt. Info om amat\u00f6rfotografen i egen h\u00f6g person finns om du \u00e4r intresserad.\" \/>\n<meta property=\"og:url\" content=\"https:\/\/mickewp.cloudshare.info\/?page_id=22\" \/>\n<meta property=\"og:site_name\" content=\"Slacksson\" \/>\n<meta property=\"article:modified_time\" content=\"2018-11-06T08:14:26+00:00\" \/>\n<meta property=\"og:image\" content=\"http:\/\/mickewp.cloudshare.info\/wp-content\/uploads\/2018\/11\/slack2018.png\" \/>\n<meta name=\"twitter:card\" content=\"summary_large_image\" \/>\n<meta name=\"twitter:site\" content=\"@slacksson\" \/>\n<meta name=\"twitter:label1\" content=\"Ber\u00e4knad l\u00e4stid\" \/>\n\t<meta name=\"twitter:data1\" content=\"2 minuter\" \/>\n<script type=\"application\/ld+json\" class=\"yoast-schema-graph\">{\"@context\":\"https:\/\/schema.org\",\"@graph\":[{\"@type\":\"WebPage\",\"@id\":\"https:\/\/mickewp.cloudshare.info\/?page_id=22\",\"url\":\"https:\/\/mickewp.cloudshare.info\/?page_id=22\",\"name\":\"Om - Slacksson - F\u00f6r dig som vill veta mer\",\"isPartOf\":{\"@id\":\"https:\/\/mickewp.cloudshare.info\/#website\"},\"datePublished\":\"2014-12-13T12:53:26+00:00\",\"dateModified\":\"2018-11-06T08:14:26+00:00\",\"description\":\"Vill du veta mer om Slacksson? D\u00e5 har du hamnat helt r\u00e4tt. Info om amat\u00f6rfotografen i egen h\u00f6g person finns om du \u00e4r intresserad.\",\"breadcrumb\":{\"@id\":\"https:\/\/mickewp.cloudshare.info\/?page_id=22#breadcrumb\"},\"inLanguage\":\"sv-SE\",\"potentialAction\":[{\"@type\":\"ReadAction\",\"target\":[\"https:\/\/mickewp.cloudshare.info\/?page_id=22\"]}]},{\"@type\":\"BreadcrumbList\",\"@id\":\"https:\/\/mickewp.cloudshare.info\/?page_id=22#breadcrumb\",\"itemListElement\":[{\"@type\":\"ListItem\",\"position\":1,\"name\":\"Hem\",\"item\":\"https:\/\/mickewp.cloudshare.info\/\"},{\"@type\":\"ListItem\",\"position\":2,\"name\":\"Om\"}]},{\"@type\":\"WebSite\",\"@id\":\"https:\/\/mickewp.cloudshare.info\/#website\",\"url\":\"https:\/\/mickewp.cloudshare.info\/\",\"name\":\"Slacksson\",\"description\":\"\",\"potentialAction\":[{\"@type\":\"SearchAction\",\"target\":{\"@type\":\"EntryPoint\",\"urlTemplate\":\"https:\/\/mickewp.cloudshare.info\/?s={search_term_string}\"},\"query-input\":\"required name=search_term_string\"}],\"inLanguage\":\"sv-SE\"}]}<\/script>\n<!-- \/ Yoast SEO plugin. -->","yoast_head_json":{"title":"Om - Slacksson - F\u00f6r dig som vill veta mer","description":"Vill du veta mer om Slacksson? D\u00e5 har du hamnat helt r\u00e4tt. Info om amat\u00f6rfotografen i egen h\u00f6g person finns om du \u00e4r intresserad.","robots":{"index":"index","follow":"follow","max-snippet":"max-snippet:-1","max-image-preview":"max-image-preview:large","max-video-preview":"max-video-preview:-1"},"canonical":"https:\/\/mickewp.cloudshare.info\/?page_id=22","og_locale":"sv_SE","og_type":"article","og_title":"Om - Slacksson - F\u00f6r dig som vill veta mer","og_description":"Vill du veta mer om Slacksson? D\u00e5 har du hamnat helt r\u00e4tt. Info om amat\u00f6rfotografen i egen h\u00f6g person finns om du \u00e4r intresserad.","og_url":"https:\/\/mickewp.cloudshare.info\/?page_id=22","og_site_name":"Slacksson","article_modified_time":"2018-11-06T08:14:26+00:00","og_image":[{"url":"http:\/\/mickewp.cloudshare.info\/wp-content\/uploads\/2018\/11\/slack2018.png"}],"twitter_card":"summary_large_image","twitter_site":"@slacksson","twitter_misc":{"Ber\u00e4knad l\u00e4stid":"2 minuter"},"schema":{"@context":"https:\/\/schema.org","@graph":[{"@type":"WebPage","@id":"https:\/\/mickewp.cloudshare.info\/?page_id=22","url":"https:\/\/mickewp.cloudshare.info\/?page_id=22","name":"Om - Slacksson - F\u00f6r dig som vill veta mer","isPartOf":{"@id":"https:\/\/mickewp.cloudshare.info\/#website"},"datePublished":"2014-12-13T12:53:26+00:00","dateModified":"2018-11-06T08:14:26+00:00","description":"Vill du veta mer om Slacksson? D\u00e5 har du hamnat helt r\u00e4tt. Info om amat\u00f6rfotografen i egen h\u00f6g person finns om du \u00e4r intresserad.","breadcrumb":{"@id":"https:\/\/mickewp.cloudshare.info\/?page_id=22#breadcrumb"},"inLanguage":"sv-SE","potentialAction":[{"@type":"ReadAction","target":["https:\/\/mickewp.cloudshare.info\/?page_id=22"]}]},{"@type":"BreadcrumbList","@id":"https:\/\/mickewp.cloudshare.info\/?page_id=22#breadcrumb","itemListElement":[{"@type":"ListItem","position":1,"name":"Hem","item":"https:\/\/mickewp.cloudshare.info\/"},{"@type":"ListItem","position":2,"name":"Om"}]},{"@type":"WebSite","@id":"https:\/\/mickewp.cloudshare.info\/#website","url":"https:\/\/mickewp.cloudshare.info\/","name":"Slacksson","description":"","potentialAction":[{"@type":"SearchAction","target":{"@type":"EntryPoint","urlTemplate":"https:\/\/mickewp.cloudshare.info\/?s={search_term_string}"},"query-input":"required name=search_term_string"}],"inLanguage":"sv-SE"}]}},"_links":{"self":[{"href":"https:\/\/mickewp.cloudshare.info\/index.php?rest_route=\/wp\/v2\/pages\/22"}],"collection":[{"href":"https:\/\/mickewp.cloudshare.info\/index.php?rest_route=\/wp\/v2\/pages"}],"about":[{"href":"https:\/\/mickewp.cloudshare.info\/index.php?rest_route=\/wp\/v2\/types\/page"}],"author":[{"embeddable":true,"href":"https:\/\/mickewp.cloudshare.info\/index.php?rest_route=\/wp\/v2\/users\/1"}],"replies":[{"embeddable":true,"href":"https:\/\/mickewp.cloudshare.info\/index.php?rest_route=%2Fwp%2Fv2%2Fcomments&post=22"}],"version-history":[{"count":6,"href":"https:\/\/mickewp.cloudshare.info\/index.php?rest_route=\/wp\/v2\/pages\/22\/revisions"}],"predecessor-version":[{"id":23335,"href":"https:\/\/mickewp.cloudshare.info\/index.php?rest_route=\/wp\/v2\/pages\/22\/revisions\/23335"}],"wp:attachment":[{"href":"https:\/\/mickewp.cloudshare.info\/index.php?rest_route=%2Fwp%2Fv2%2Fmedia&parent=22"}],"curies":[{"name":"wp","href":"https:\/\/api.w.org\/{rel}","templated":true}]}}