{"id":1768,"date":"2015-04-19T10:16:46","date_gmt":"2015-04-19T10:16:46","guid":{"rendered":"https:\/\/mickewp.cloudshare.info\/?page_id=1768"},"modified":"2016-03-29T09:02:37","modified_gmt":"2016-03-29T07:02:37","slug":"tv-serietips","status":"publish","type":"page","link":"https:\/\/mickewp.cloudshare.info\/?page_id=1768","title":{"rendered":"TV-Serietips"},"content":{"rendered":"<h2>TV-Serietips<\/h2>\n<p>&nbsp;<\/p>\n<p><span style=\"color: #0fbbff;\">TV-Serietips hittills<\/span>: 17 st<\/p>\n<p><span style=\"color: #0fbbff;\">Senast inlagda<\/span>: 24\u00a0Mars 2016<\/p>\n<p>&nbsp;<\/p>\n<p>&nbsp;<\/p>\n<p><span style=\"color: #0fbbff;\">Serie<\/span>:\u00a0Daredevil<\/p>\n<p><span style=\"color: #0fbbff;\">IMDB score<\/span>: 8.8<\/p>\n<p><a href=\"http:\/\/www.imdb.com\/title\/tt3322312\/\" target=\"_blank\">www.imdb.com\/title\/tt3322312<\/a><\/p>\n<ul>\n<li>A blind lawyer, with his other senses superhumanly enhanced, fights crime as a costumed superhero.<\/li>\n<\/ul>\n<p>&nbsp;<\/p>\n<p><span style=\"color: #0fbbff;\">Serie<\/span>:\u00a0Jessica Jones<\/p>\n<p><a href=\"http:\/\/www.imdb.com\/title\/tt2357547\" target=\"_blank\">www.imdb.com\/title\/tt2357547<\/a><\/p>\n<ul>\n<li>A former super-hero decides to reboot her life by becoming a private investigator. Great show!<\/li>\n<\/ul>\n<p>&nbsp;<\/p>\n<p><span style=\"color: #0fbbff;\">Serie<\/span>:\u00a0From dusk till Dawn<\/p>\n<p><a href=\"http:\/\/www.imdb.com\/title\/tt3337194\" target=\"_blank\">www.imdb.com\/title\/tt3337194<\/a><\/p>\n<ul>\n<li>S\u00e4song 1 f\u00f6ljer originalfilmens h\u00e4ndelser men p\u00e5 ett mycket djupare plan med bakgrundshistorier f\u00f6r alla karakt\u00e4rer. V\u00e4ldigt v\u00e4lgjord och sp\u00e4nnande och en helt ny take p\u00e5 &#8221;vampyrer&#8221;.<\/li>\n<\/ul>\n<p>&nbsp;<\/p>\n<p><span style=\"color: #0fbbff;\">Serie<\/span>:\u00a0Wayward Pines<\/p>\n<p><a href=\"http:\/\/www.imdb.com\/title\/tt2618986\" target=\"_blank\">www.imdb.com\/title\/tt2618986<\/a><\/p>\n<ul>\n<li>En sp\u00e4nnande story om en secret service agent som vaknar upp i en sm\u00e5stad med m\u00e5nga m\u00e5nga hemligheter och ingen av inv\u00e5narna verkar vara riktigt normal. M\u00f6rk st\u00e4mning och en riktigt bra Matt Dillon g\u00f6r detta till en kanonserie.<\/li>\n<\/ul>\n<p>&nbsp;<\/p>\n<p><span style=\"color: #0fbbff;\">Serie<\/span>:\u00a0Sense8<\/p>\n<p><a href=\"http:\/\/www.imdb.com\/title\/tt2431438\" target=\"_blank\">www.imdb.com\/title\/tt2431438<\/a><\/p>\n<ul>\n<li>En grupp av m\u00e4nniskor runt om i v\u00e4rlden blir pl\u00f6tsligt mentalt sammankopplade\u00a0och kan &#8221;bes\u00f6ka&#8221; varandra. Lite sm\u00e5seg emellan\u00e5t men en mycket v\u00e4lgjord serie med bra karakt\u00e4rer.<\/li>\n<\/ul>\n<p>&nbsp;<\/p>\n<p><span style=\"color: #0fbbff;\">Serie<\/span>:\u00a0The Big Bang Theory<\/p>\n<p><a href=\"http:\/\/www.imdb.com\/title\/tt0898266\/\" target=\"_blank\">www.imdb.com\/title\/tt0898266\/<\/a><\/p>\n<ul>\n<li>En komediserie som \u00e4r ett m\u00e5ste att se. Huvudpersoner \u00e4r \u00a0Leonard Hofstadter och Sheldon Cooper som ger oss\u00a0en inblick i hur livet \u00e4r n\u00e4r man \u00e4r\u00a0en extremt smart men socialt handikappad fysiker. Det blir m\u00e5nga roliga situationer p\u00e5 alla s\u00e4tt och vis.<\/li>\n<\/ul>\n<p>&nbsp;<\/p>\n<p><span style=\"color: #0fbbff;\">Serie<\/span>:\u00a0Falling Skies<\/p>\n<p><a href=\"http:\/\/www.imdb.com\/title\/tt1462059\/\" target=\"_blank\">www.imdb.com\/title\/tt1462059\/<\/a><\/p>\n<ul>\n<li>Ett utomjordiskt\u00a0angrepp har l\u00e4mnat st\u00f6rre delen av jorden\u00a0i spillror och sex m\u00e5nader in i\u00a0den\u00a0f\u00f6rsta invasionen, har de f\u00e5 \u00f6verlevande g\u00e5tt samman utanf\u00f6r storst\u00e4derna f\u00f6r att b\u00f6rja den sv\u00e5ra uppgiften att k\u00e4mpa emot.<\/li>\n<\/ul>\n<p>&nbsp;<\/p>\n<p><span style=\"color: #0fbbff;\">Serie<\/span>:\u00a0Constantine<\/p>\n<p><a href=\"http:\/\/www.imdb.com\/title\/tt3489184\/\" target=\"_blank\">www.imdb.com\/title\/tt3489184\/<\/a><\/p>\n<ul>\n<li>En man som k\u00e4mpar med sin tro och \u00e4r\u00a0hems\u00f6kt av synder fr\u00e5n sitt f\u00f6rflutna kastas\u00a0pl\u00f6tsligt in i rollen att f\u00f6rsvara m\u00e4nskligheten fr\u00e5n m\u00f6rkrets krafter.<\/li>\n<\/ul>\n<p>&nbsp;<\/p>\n<p><span style=\"color: #0fbbff;\">Serie<\/span>:\u00a0Stargate SG-1<\/p>\n<p><a href=\"http:\/\/www.imdb.com\/title\/tt0118480\/\" target=\"_blank\">www.imdb.com\/title\/tt0118480\/<\/a><\/p>\n<ul>\n<li>10 s\u00e4songer Sci-Fi som bygger p\u00e5 filmen Stargate (fr\u00e5n 1994). M\u00e5nga timmars utforskande av andra v\u00e4rldar blir det.<\/li>\n<\/ul>\n<p>&nbsp;<\/p>\n<p><span style=\"color: #0fbbff;\">Serie<\/span>: Helix<\/p>\n<p><a href=\"http:\/\/www.imdb.com\/title\/tt2758950\/\" target=\"_blank\">www.imdb.com\/title\/tt2758950\/<\/a><\/p>\n<ul>\n<li>Ett forskarteam kastas in en potentiell liv och d\u00f6d situation som b\u00f6rjar med en utredning p\u00e5 Arktis d\u00e4r de ska unders\u00f6ka vad som kan vara ett sjukdomsutbrott.<\/li>\n<\/ul>\n<p>&nbsp;<\/p>\n<p><span style=\"color: #0fbbff;\">Serie<\/span>: iZombie<\/p>\n<p><a href=\"http:\/\/www.imdb.com\/title\/tt3501584\/\" target=\"_blank\">www.imdb.com\/title\/tt3501584\/<\/a><\/p>\n<ul>\n<li>En l\u00e4karstudent f\u00f6rvandlas till zombie och skaffar jobb hos en r\u00e4ttsl\u00e4kare i syfte att f\u00e5 tillg\u00e5ng till hj\u00e4rnor som hon motvilligt m\u00e5ste \u00e4ta f\u00f6r att beh\u00e5lla sin m\u00e4nsklighet . Men f\u00f6r varje hj\u00e4rna hon \u00e4ter, \u00e4rver hon \u00e4ven personens minnen.<\/li>\n<\/ul>\n<p>&nbsp;<\/p>\n<p><span style=\"color: #0fbbff;\">Serie<\/span>:\u00a0Marvel&#8217;s Agents of S.H.I.E.L.D<\/p>\n<p><a href=\"http:\/\/www.imdb.com\/title\/tt2364582\/\" target=\"_blank\">www.imdb.com\/title\/tt2364582\/<\/a><\/p>\n<ul>\n<li>Jag gillar Marvel&#8217;s universum av superhj\u00e4ltar och de filmer som gjorts. Det \u00e4r just d\u00e4rf\u00f6r den h\u00e4r serien \u00e4r ett grymt komplement till storfilmerna eftersom man f\u00e5r f\u00f6lja de &#8221;vanliga&#8221; agenterna inom S.H.I.E.L.D. Phil Coulson och hans team jagar badguys samtidigt som serien ocks\u00e5 bidrar till att fylla i luckorna mellan storfilmerna.<\/li>\n<\/ul>\n<p>&nbsp;<\/p>\n<p><span style=\"color: #0fbbff;\">Serie<\/span>:\u00a0The Strain<\/p>\n<p><a href=\"http:\/\/www.imdb.com\/title\/tt2654620\/\" target=\"_blank\">www.imdb.com\/title\/tt2654620\/<\/a><\/p>\n<ul>\n<li>Vi f\u00e5r f\u00f6lja ett team fr\u00e5n CDC som f\u00f6rs\u00f6ker f\u00f6rhindra ett virus som sprider\u00a0vampyrism. En annorlunda take p\u00e5 hela vampyrgenren. Ingen mindre \u00e4n\u00a0Guillermo del Toro som producerar och skriver serien.<\/li>\n<\/ul>\n<p>&nbsp;<\/p>\n<p><span style=\"color: #0fbbff;\">Serie<\/span>: Almost human<\/p>\n<p><a href=\"http:\/\/www.imdb.com\/title\/tt2654580\/\" target=\"_blank\">www.imdb.com\/title\/tt2654580\/<\/a><\/p>\n<ul>\n<li>Grym serie och ett m\u00e5ste om du gillar action, v\u00e4ltajmad humor, framtid och androider.<\/li>\n<\/ul>\n<p>&nbsp;<\/p>\n<p><span style=\"color: #0fbbff;\">Serie<\/span>: Suits<\/p>\n<p><a href=\"http:\/\/www.imdb.com\/title\/tt1632701\/\" target=\"_blank\">www.imdb.com\/title\/tt1632701\/<\/a><\/p>\n<ul>\n<li>Blev rekommenderad att se den h\u00e4r serien och var fast efter f\u00f6rsta avsnittet. Jag \u00e4r snart f\u00e4rdig med s\u00e4song 1 och hittills har den inte svikit. S\u00e4ger jag att den handlar om advokater s\u00e5 t\u00e4nker du &#8221;NEJ TACK&#8221;, men jag lovar dig att om du ger den en chans s\u00e5 kommer du inte \u00e5ngra dig. B\u00e5de humor (inte som i Ally McBeal) och drama i en riktigt bra balans.<\/li>\n<\/ul>\n<p>&nbsp;<\/p>\n<p><span style=\"color: #0fbbff;\">Serie<\/span>: The Walking Dead<br \/>\n<a href=\"http:\/\/www.imdb.com\/title\/tt1520211\/\" target=\"_blank\">www.imdb.com\/title\/tt1520211\/<\/a><\/p>\n<ul>\n<li>Alla dessa filmer och serier som handlar om Zombies t\u00e4nker du kanske. Men denna serie \u00e4r s\u00e5 mycket mer \u00e4n bara det. Oerh\u00f6rt v\u00e4lskriven, dramatisk, underh\u00e5llande och k\u00e4nslosam. Karakt\u00e4rsutvecklingen \u00e4r ocks\u00e5 den mycket bra.<\/li>\n<\/ul>\n<p>&nbsp;<\/p>\n<p><span style=\"color: #0fbbff;\">Serie<\/span>: Supernatural<br \/>\n<a href=\"http:\/\/www.imdb.com\/title\/tt0460681\/\" target=\"_blank\">www.imdb.com\/title\/tt0460681\/<\/a><\/p>\n<ul>\n<li>Om du inte b\u00f6rjat titta p\u00e5 den h\u00e4r serien med monsterj\u00e4gande br\u00f6derna Winchester \u00e4nnu s\u00e5 g\u00f6r det. Jag lovar att du \u00e4r fast f\u00f6rsta g\u00e5ngen du h\u00f6r l\u00e5ten Carry on my Wayward Son (Kansas). Har allt fr\u00e5n vamyprer och demoner till \u00e4nglar och shapeshifters.<\/li>\n<\/ul>\n","protected":false},"excerpt":{"rendered":"<p>TV-Serietips &nbsp; TV-Serietips hittills: 17 st Senast inlagda: 24\u00a0Mars 2016 &nbsp; &nbsp; Serie:\u00a0Daredevil IMDB score: 8.8 www.imdb.com\/title\/tt3322312 A blind lawyer, with his other senses superhumanly enhanced, fights crime as a costumed superhero. &nbsp; Serie:\u00a0Jessica Jones www.imdb.com\/title\/tt2357547 A former super-hero decides to reboot her life by becoming a private investigator. Great show! &nbsp; Serie:\u00a0From dusk till [&hellip;]<\/p>\n","protected":false},"author":1,"featured_media":0,"parent":0,"menu_order":0,"comment_status":"open","ping_status":"open","template":"","meta":[],"yoast_head":"<!-- This site is optimized with the Yoast SEO plugin v20.12 - https:\/\/yoast.com\/wordpress\/plugins\/seo\/ -->\n<title>TV-Serietips - F\u00f6r dig som diggar TV-Serier<\/title>\n<meta name=\"description\" content=\"H\u00e4r tipsas om TV-Serier som kan vara v\u00e4rda att f\u00f6lja om du inte redan gjort det. F\u00f6rs\u00f6ker l\u00e4gga upp nya tips varje g\u00e5ng jag hittar n\u00e5n bra serie.\" \/>\n<meta name=\"robots\" content=\"index, follow, max-snippet:-1, max-image-preview:large, max-video-preview:-1\" \/>\n<link rel=\"canonical\" href=\"https:\/\/mickewp.cloudshare.info\/?page_id=1768\" \/>\n<meta property=\"og:locale\" content=\"sv_SE\" \/>\n<meta property=\"og:type\" content=\"article\" \/>\n<meta property=\"og:title\" content=\"TV-Serietips - F\u00f6r dig som diggar TV-Serier\" \/>\n<meta property=\"og:description\" content=\"H\u00e4r tipsas om TV-Serier som kan vara v\u00e4rda att f\u00f6lja om du inte redan gjort det. F\u00f6rs\u00f6ker l\u00e4gga upp nya tips varje g\u00e5ng jag hittar n\u00e5n bra serie.\" \/>\n<meta property=\"og:url\" content=\"https:\/\/mickewp.cloudshare.info\/?page_id=1768\" \/>\n<meta property=\"og:site_name\" content=\"Slacksson\" \/>\n<meta property=\"article:modified_time\" content=\"2016-03-29T07:02:37+00:00\" \/>\n<meta name=\"twitter:card\" content=\"summary_large_image\" \/>\n<meta name=\"twitter:site\" content=\"@slacksson\" \/>\n<meta name=\"twitter:label1\" content=\"Ber\u00e4knad l\u00e4stid\" \/>\n\t<meta name=\"twitter:data1\" content=\"4 minuter\" \/>\n<script type=\"application\/ld+json\" class=\"yoast-schema-graph\">{\"@context\":\"https:\/\/schema.org\",\"@graph\":[{\"@type\":\"WebPage\",\"@id\":\"https:\/\/mickewp.cloudshare.info\/?page_id=1768\",\"url\":\"https:\/\/mickewp.cloudshare.info\/?page_id=1768\",\"name\":\"TV-Serietips - F\u00f6r dig som diggar TV-Serier\",\"isPartOf\":{\"@id\":\"https:\/\/mickewp.cloudshare.info\/#website\"},\"datePublished\":\"2015-04-19T10:16:46+00:00\",\"dateModified\":\"2016-03-29T07:02:37+00:00\",\"description\":\"H\u00e4r tipsas om TV-Serier som kan vara v\u00e4rda att f\u00f6lja om du inte redan gjort det. F\u00f6rs\u00f6ker l\u00e4gga upp nya tips varje g\u00e5ng jag hittar n\u00e5n bra serie.\",\"breadcrumb\":{\"@id\":\"https:\/\/mickewp.cloudshare.info\/?page_id=1768#breadcrumb\"},\"inLanguage\":\"sv-SE\",\"potentialAction\":[{\"@type\":\"ReadAction\",\"target\":[\"https:\/\/mickewp.cloudshare.info\/?page_id=1768\"]}]},{\"@type\":\"BreadcrumbList\",\"@id\":\"https:\/\/mickewp.cloudshare.info\/?page_id=1768#breadcrumb\",\"itemListElement\":[{\"@type\":\"ListItem\",\"position\":1,\"name\":\"Hem\",\"item\":\"https:\/\/mickewp.cloudshare.info\/\"},{\"@type\":\"ListItem\",\"position\":2,\"name\":\"TV-Serietips\"}]},{\"@type\":\"WebSite\",\"@id\":\"https:\/\/mickewp.cloudshare.info\/#website\",\"url\":\"https:\/\/mickewp.cloudshare.info\/\",\"name\":\"Slacksson\",\"description\":\"\",\"potentialAction\":[{\"@type\":\"SearchAction\",\"target\":{\"@type\":\"EntryPoint\",\"urlTemplate\":\"https:\/\/mickewp.cloudshare.info\/?s={search_term_string}\"},\"query-input\":\"required name=search_term_string\"}],\"inLanguage\":\"sv-SE\"}]}<\/script>\n<!-- \/ Yoast SEO plugin. -->","yoast_head_json":{"title":"TV-Serietips - F\u00f6r dig som diggar TV-Serier","description":"H\u00e4r tipsas om TV-Serier som kan vara v\u00e4rda att f\u00f6lja om du inte redan gjort det. F\u00f6rs\u00f6ker l\u00e4gga upp nya tips varje g\u00e5ng jag hittar n\u00e5n bra serie.","robots":{"index":"index","follow":"follow","max-snippet":"max-snippet:-1","max-image-preview":"max-image-preview:large","max-video-preview":"max-video-preview:-1"},"canonical":"https:\/\/mickewp.cloudshare.info\/?page_id=1768","og_locale":"sv_SE","og_type":"article","og_title":"TV-Serietips - F\u00f6r dig som diggar TV-Serier","og_description":"H\u00e4r tipsas om TV-Serier som kan vara v\u00e4rda att f\u00f6lja om du inte redan gjort det. F\u00f6rs\u00f6ker l\u00e4gga upp nya tips varje g\u00e5ng jag hittar n\u00e5n bra serie.","og_url":"https:\/\/mickewp.cloudshare.info\/?page_id=1768","og_site_name":"Slacksson","article_modified_time":"2016-03-29T07:02:37+00:00","twitter_card":"summary_large_image","twitter_site":"@slacksson","twitter_misc":{"Ber\u00e4knad l\u00e4stid":"4 minuter"},"schema":{"@context":"https:\/\/schema.org","@graph":[{"@type":"WebPage","@id":"https:\/\/mickewp.cloudshare.info\/?page_id=1768","url":"https:\/\/mickewp.cloudshare.info\/?page_id=1768","name":"TV-Serietips - F\u00f6r dig som diggar TV-Serier","isPartOf":{"@id":"https:\/\/mickewp.cloudshare.info\/#website"},"datePublished":"2015-04-19T10:16:46+00:00","dateModified":"2016-03-29T07:02:37+00:00","description":"H\u00e4r tipsas om TV-Serier som kan vara v\u00e4rda att f\u00f6lja om du inte redan gjort det. F\u00f6rs\u00f6ker l\u00e4gga upp nya tips varje g\u00e5ng jag hittar n\u00e5n bra serie.","breadcrumb":{"@id":"https:\/\/mickewp.cloudshare.info\/?page_id=1768#breadcrumb"},"inLanguage":"sv-SE","potentialAction":[{"@type":"ReadAction","target":["https:\/\/mickewp.cloudshare.info\/?page_id=1768"]}]},{"@type":"BreadcrumbList","@id":"https:\/\/mickewp.cloudshare.info\/?page_id=1768#breadcrumb","itemListElement":[{"@type":"ListItem","position":1,"name":"Hem","item":"https:\/\/mickewp.cloudshare.info\/"},{"@type":"ListItem","position":2,"name":"TV-Serietips"}]},{"@type":"WebSite","@id":"https:\/\/mickewp.cloudshare.info\/#website","url":"https:\/\/mickewp.cloudshare.info\/","name":"Slacksson","description":"","potentialAction":[{"@type":"SearchAction","target":{"@type":"EntryPoint","urlTemplate":"https:\/\/mickewp.cloudshare.info\/?s={search_term_string}"},"query-input":"required name=search_term_string"}],"inLanguage":"sv-SE"}]}},"_links":{"self":[{"href":"https:\/\/mickewp.cloudshare.info\/index.php?rest_route=\/wp\/v2\/pages\/1768"}],"collection":[{"href":"https:\/\/mickewp.cloudshare.info\/index.php?rest_route=\/wp\/v2\/pages"}],"about":[{"href":"https:\/\/mickewp.cloudshare.info\/index.php?rest_route=\/wp\/v2\/types\/page"}],"author":[{"embeddable":true,"href":"https:\/\/mickewp.cloudshare.info\/index.php?rest_route=\/wp\/v2\/users\/1"}],"replies":[{"embeddable":true,"href":"https:\/\/mickewp.cloudshare.info\/index.php?rest_route=%2Fwp%2Fv2%2Fcomments&post=1768"}],"version-history":[{"count":4,"href":"https:\/\/mickewp.cloudshare.info\/index.php?rest_route=\/wp\/v2\/pages\/1768\/revisions"}],"predecessor-version":[{"id":5757,"href":"https:\/\/mickewp.cloudshare.info\/index.php?rest_route=\/wp\/v2\/pages\/1768\/revisions\/5757"}],"wp:attachment":[{"href":"https:\/\/mickewp.cloudshare.info\/index.php?rest_route=%2Fwp%2Fv2%2Fmedia&parent=1768"}],"curies":[{"name":"wp","href":"https:\/\/api.w.org\/{rel}","templated":true}]}}