{"id":1755,"date":"2015-04-19T09:58:12","date_gmt":"2015-04-19T09:58:12","guid":{"rendered":"https:\/\/mickewp.cloudshare.info\/?page_id=1755"},"modified":"2016-03-29T09:01:57","modified_gmt":"2016-03-29T07:01:57","slug":"filmtips","status":"publish","type":"page","link":"https:\/\/mickewp.cloudshare.info\/?page_id=1755","title":{"rendered":"Filmtips"},"content":{"rendered":"<h2>Filmtips<\/h2>\n<p>&nbsp;<\/p>\n<p><span style=\"color: #0fbbff;\">Filmtips hittills<\/span>: 28 st<\/p>\n<p><span style=\"color: #0fbbff;\">Senast inlagda<\/span>: 24\u00a0Mars 2016<\/p>\n<p>&nbsp;<\/p>\n<p>&nbsp;<\/p>\n<p><span style=\"color: #0fbbff;\">Film<\/span>:\u00a0Deadpool<br \/>\n<span style=\"color: #0fbbff;\">IMDB betyg<\/span>: 8.4<br \/>\n<a href=\"http:\/\/www.imdb.com\/title\/tt1431045\/\" target=\"_blank\">www.imdb.com\/title\/tt1431045<\/a><\/p>\n<ul>\n<li>A former Special Forces operative turned mercenary is subjected to a rogue experiment that leaves him with accelerated healing powers, adopting the alter ego Deadpool.<\/li>\n<\/ul>\n<p>&nbsp;<\/p>\n<p><span style=\"color: #0fbbff;\">Film<\/span>:\u00a0The Martian<br \/>\n<a href=\"http:\/\/www.imdb.com\/title\/tt3659388\/\" target=\"_blank\">www.imdb.com\/title\/tt3659388<\/a><\/p>\n<ul>\n<li>During a manned mission to Mars, Astronaut Mark Watney is presumed dead after a fierce storm and left behind by his crew. But Watney has survived and finds himself stranded and alone on the hostile planet.\u00a0With only meager supplies, he must draw upon his ingenuity, wit and spirit to subsist and find a way to signal to Earth that he is alive.<\/li>\n<\/ul>\n<p>&nbsp;<\/p>\n<p><span style=\"color: #0fbbff;\">Film<\/span>:\u00a0Warrior<br \/>\n<a href=\"http:\/\/www.imdb.com\/title\/tt1291584\/\" target=\"_blank\">www.imdb.com\/title\/tt1291584<\/a><\/p>\n<ul>\n<li>The youngest son of an alcoholic former boxer returns home, where he&#8217;s trained by his father for competition in a mixed martial arts tournament &#8211; a path that puts the fighter on a collision course with his estranged, older brother.<\/li>\n<\/ul>\n<p>&nbsp;<\/p>\n<p><span style=\"color: #0fbbff;\">Film<\/span>:\u00a0Hidden<br \/>\n<a href=\"http:\/\/www.imdb.com\/title\/tt2131532\" target=\"_blank\">www.imdb.com\/title\/tt2131532<\/a><\/p>\n<ul>\n<li>Handlar om en familj som tar skydd i ett skyddsrum under marken f\u00f6r att klara sig undan ett utbrott i en sm\u00e5stad.\u00a0Det \u00e4r dock mer \u00e4n utbrottet de m\u00e5ste akta sig f\u00f6r.<\/li>\n<\/ul>\n<p>&nbsp;<\/p>\n<p><span style=\"color: #0fbbff;\">Film<\/span>:\u00a0Mission Impossible &#8211; Rogue Nation<br \/>\n<a href=\"http:\/\/www.imdb.com\/title\/tt2381249\/\" target=\"_blank\">www.imdb.com\/title\/tt2381249\/<\/a><\/p>\n<ul>\n<li>Man kan s\u00e4ga vad man vill om uppf\u00f6ljare men den h\u00e4r tycker jag var riktigt bra f\u00f6r att vara nr 5 i ordningen, kanske till och med den b\u00e4sta av dem. Inneh\u00e5ller h\u00f6gklassig action och bra sk\u00e5disar men kanske inte v\u00e4rldens mest genomt\u00e4nkta handling.<\/li>\n<\/ul>\n<p>&nbsp;<\/p>\n<p><span style=\"color: #0fbbff;\">Film<\/span>: Blended<br \/>\n<a href=\"http:\/\/www.imdb.com\/title\/tt1086772\" target=\"_blank\">www.imdb.com\/title\/tt1086772\/<\/a><\/p>\n<ul>\n<li>En feelgood film med Adam Sandler d\u00e4r han inte \u00e4r alltf\u00f6r dryg i alla fall. V\u00e4rd att se.<\/li>\n<\/ul>\n<p>&nbsp;<\/p>\n<p><span style=\"color: #0fbbff;\">Film<\/span>:\u00a0Maverick (1994)<br \/>\n<a href=\"http:\/\/www.imdb.com\/title\/tt0110478\/\" target=\"_blank\">www.imdb.com\/title\/tt0110478\/<\/a><\/p>\n<ul>\n<li>F\u00f6r mig har det h\u00e4r alltid varit en bra och rolig westernrulle med Mel Gibson som spelar pokerspelaren Bret Maverick. Det \u00e4r mycket som kan g\u00e5 fel n\u00e4r man jagar pengar f\u00f6r att kunna delta i en stor pokerturnering.<\/li>\n<\/ul>\n<p>&nbsp;<\/p>\n<p><span style=\"color: #0fbbff;\">Film<\/span>:\u00a0The Mist<br \/>\n<a href=\"http:\/\/www.imdb.com\/title\/tt0884328\/\" target=\"_blank\">www.imdb.com\/title\/tt0884328\/<\/a><\/p>\n<ul>\n<li>En sp\u00e4nnande och k\u00e4nslosam film. En\u00a0t\u00e4t kuslig dimma drar in \u00f6ver en sm\u00e5stad och inne i en stormarknad f\u00e5r vi f\u00f6lja en grupp m\u00e4nniskor som tagit skydd och som\u00a0k\u00e4mpar\u00a0f\u00f6r att \u00f6verleva det som finns i dimman.<\/li>\n<\/ul>\n<p>&nbsp;<\/p>\n<p><span style=\"color: #0fbbff;\">Film<\/span>:\u00a0Zombieland<br \/>\n<a href=\"http:\/\/www.imdb.com\/title\/tt1156398\/\" target=\"_blank\">www.imdb.com\/title\/tt1156398\/<\/a><\/p>\n<ul>\n<li>Zombiefilm nr 1 f\u00f6r mig utan tvekan. B\u00e5de humor och sp\u00e4nning med mycket sj\u00e4lvdistans. Se den!<\/li>\n<\/ul>\n<p>&nbsp;<\/p>\n<p><span style=\"color: #0fbbff;\">Film<\/span>:\u00a0What about Bob?<br \/>\n<a href=\"http:\/\/www.imdb.com\/title\/tt0103241\/\" target=\"_blank\">www.imdb.com\/title\/tt0103241\/<\/a><\/p>\n<ul>\n<li>En klassiker fr\u00e5n 1991 med Bill Murray i huvudrollen som Bob. Bob \u00e4r\u00a0en hypokondriker med v\u00e4ldigt m\u00e5nga \u00e5kommor\u00a0och som absolut inte klarar sig utan sin psykolog ens n\u00e4r denne \u00e5ker p\u00e5 semester med sin familj f\u00f6r att ta en paus. Bob\u00a0beslutar sig\u00a0helt enkelt f\u00f6r att \u00e5ka till samma semesterby och d\u00e4r g\u00f6ra psykologen galen med sina egenheter.<\/li>\n<\/ul>\n<p>&nbsp;<\/p>\n<p><span style=\"color: #0fbbff;\">Film<\/span>:\u00a0Afflicted<br \/>\n<a href=\"http:\/\/www.imdb.com\/title\/tt2309961\/\" target=\"_blank\">www.imdb.com\/title\/tt2309961\/<\/a><\/p>\n<ul>\n<li>Tv\u00e5 b\u00e4sta v\u00e4nner g\u00f6r en resa f\u00f6r att f\u00e5 se och uppt\u00e4cka v\u00e4rlden. Allt\u00a0tar en\u00a0m\u00f6rk v\u00e4ndning d\u00e5\u00a0en av dem drabbas av en mystisk \u00e5komma. I ett fr\u00e4mmande land blir det en jakt mot klockan f\u00f6r att hitta vad som orsakat \u00e5komman och stoppa den.<\/li>\n<\/ul>\n<p>&nbsp;<\/p>\n<p><span style=\"color: #0fbbff;\">Film<\/span>: Gone girl<br \/>\n<a href=\"http:\/\/www.imdb.com\/title\/tt2267998\/\" target=\"_blank\">www.imdb.com\/title\/tt2267998\/<\/a><\/p>\n<ul>\n<li>I samband med deras femte br\u00f6llopsdag f\u00f6rsvinner Nick Dunnes fru Amy och han anm\u00e4ler det till polisen. Det tar inte l\u00e4nge innan han sj\u00e4lv \u00e4r huvudmisst\u00e4nkt. Vad som verkade vara ett lyckligt f\u00f6rh\u00e5llande \u00e4r fyllt av l\u00f6gner och svek. D\u00f6dade Nick sin fru?<\/li>\n<\/ul>\n<p>&nbsp;<\/p>\n<p><span style=\"color: #0fbbff;\">Film<\/span>: Chappie<br \/>\n<a href=\"http:\/\/www.imdb.com\/title\/tt1823672\/\" target=\"_blank\">www.imdb.com\/title\/tt1823672\/<\/a><\/p>\n<ul>\n<li>I en n\u00e4ra framtid , patrulleras brott av en mekaniserad polisstyrka . N\u00e4r en polisdroid , Chappie , blir stulen och ges ny programmering, blir han den f\u00f6rsta roboten med f\u00f6rm\u00e5gan att t\u00e4nka och k\u00e4nna.<\/li>\n<\/ul>\n<p>&nbsp;<\/p>\n<p><span style=\"color: #0fbbff;\">Film<\/span>:\u00a0John Wick<br \/>\n<a href=\"http:\/\/www.imdb.com\/title\/tt2911666\/\" target=\"_blank\">www.imdb.com\/title\/tt2911666\/<\/a><\/p>\n<ul>\n<li>Detta kan l\u00e5ta l\u00f6jligt men Keanu\u00a0Reeves spelar en f\u00f6redetta hitman &#8221;John Wick&#8221;\u00a0vars fru g\u00e5r bort. Efter sin d\u00f6d har hon ordnat det s\u00e5 att en hundvalp levereras hem\u00a0som en sista g\u00e5va till sin make s\u00e5 han har n\u00e5got att gl\u00e4djas \u00f6ver och ge k\u00e4rlek till. N\u00e4r n\u00e5gra m\u00e4n senare vill stj\u00e4la hans bil blir han misshandlad och de d\u00f6dar hans lilla valp. Detta g\u00f6r d\u00e5 att Wick\u00a0dammar av sina f\u00e4rdigheter och s\u00f6ker h\u00e4mnd d\u00e5 han inte l\u00e4ngre har n\u00e5got kvar i sitt liv.<\/li>\n<\/ul>\n<p>&nbsp;<\/p>\n<p><span style=\"color: #0fbbff;\">Film<\/span>:\u00a0The Equalizer<br \/>\n<a href=\"http:\/\/www.imdb.com\/title\/tt0455944\/\" target=\"_blank\">www.imdb.com\/title\/tt0455944\/<\/a><\/p>\n<ul>\n<li>En riktigt bra actionfilm med Denzel Washington i huvudrollen.<\/li>\n<\/ul>\n<p>&nbsp;<\/p>\n<p><span style=\"color: #0fbbff;\">Film<\/span>: Odd Thomas<br \/>\n<a href=\"http:\/\/www.imdb.com\/title\/tt1767354\/\" target=\"_blank\">www.imdb.com\/title\/tt1767354\/<\/a><\/p>\n<ul>\n<li>Gillar du Zombieland gillar du antagligen den h\u00e4r. Bra humor, sp\u00f6ken och mystik ihop med helt r\u00e4tt casting av personer i huvudrollerna g\u00f6r den h\u00e4r filmen klockren. Inte en tr\u00e5kig minut.<\/li>\n<\/ul>\n<p>&nbsp;<\/p>\n<p><span style=\"color: #0fbbff;\">Film<\/span>: The Way<br \/>\n<a href=\"http:\/\/www.imdb.com\/title\/tt1441912\/\" target=\"_blank\">www.imdb.com\/title\/tt1441912\/<\/a><\/p>\n<ul>\n<li>En mycket fin film om en pappa som g\u00f6r pilgrimsf\u00e4rden &#8221;El camino de Santiago&#8221; i sin bortg\u00e5nga sons st\u00e4lle.<\/li>\n<\/ul>\n<p>&nbsp;<\/p>\n<p><span style=\"color: #0fbbff;\">Film<\/span>: X-Men: Days of future past<br \/>\n<a href=\"http:\/\/www.imdb.com\/title\/tt1877832\/\" target=\"_blank\">www.imdb.com\/title\/tt1877832\/<\/a><\/p>\n<ul>\n<li>I s\u00e4rklass den b\u00e4sta X-Men filmen hittills. Riktigt bra story, vem trodde att en tidsresefilm skulle g\u00e5 hem.<\/li>\n<\/ul>\n<p>&nbsp;<\/p>\n<p><span style=\"color: #0fbbff;\">Film<\/span>: Now you see me<br \/>\n<a href=\"http:\/\/www.imdb.com\/title\/tt1670345\/\" target=\"_blank\">www.imdb.com\/title\/tt1670345\/<\/a><\/p>\n<ul>\n<li>V\u00e4lgjord film om illusionister. Smart humor, bra flow och en hel del mystik. Riktigt klockrena sk\u00e5disar och bra rollprestationer.<\/li>\n<\/ul>\n<p>&nbsp;<\/p>\n<p><span style=\"color: #0fbbff;\">Film<\/span>: Winters Tale<br \/>\n<a href=\"http:\/\/www.imdb.com\/title\/tt1837709\/\" target=\"_blank\">www.imdb.com\/title\/tt1837709\/<\/a><\/p>\n<ul>\n<li>En v\u00e4ldigt vacker film om k\u00e4rlek, tid, sorg, mirakel, himmel och helvete.<\/li>\n<\/ul>\n<p>&nbsp;<\/p>\n<p><span style=\"color: #0fbbff;\">Film<\/span>: Tucker &amp; Dale vs. Evil<br \/>\n<a href=\"http:\/\/www.imdb.com\/title\/tt1465522\/\" target=\"_blank\">www.imdb.com\/title\/tt1465522\/<\/a><\/p>\n<ul>\n<li>Har den h\u00e4r lyckats g\u00e5 osedd f\u00f6rbi dig s\u00e5 har du missat n\u00e5got. Den \u00e4r dock sv\u00e5r att f\u00f6rklara vad den handlar om. Tv\u00e5 roliga hillbillies har semester och ska fixa upp sin sommarstuga n\u00e4r de st\u00f6ter p\u00e5 ett g\u00e4ng ungdomar ( s\u00e5na stereotypa ungdomar som i alla skr\u00e4ckfilmer). Ungdomarna tror s\u00e5 klart att Tucker och Dale \u00e4r inavlade m\u00f6rdare. Se den som en omv\u00e4nd rysare&#8230;&#8230;h\u00e4r f\u00e5r vi f\u00f6lja tv\u00e5 sn\u00e4lla och roliga hillbillies som inte vet vad som p\u00e5g\u00e5r n\u00e4r det ena efter det andra missf\u00f6rst\u00e5ndet uppst\u00e5r som f\u00e5r dem att se ut mer och mer som leml\u00e4stande monster.<\/li>\n<\/ul>\n<p>&nbsp;<\/p>\n<p><span style=\"color: #0fbbff;\">Film<\/span>: Chronicle<br \/>\n<a href=\"http:\/\/www.imdb.com\/title\/tt1706593\/\" target=\"_blank\">www.imdb.com\/title\/tt1706593\/<\/a><\/p>\n<ul>\n<li>3 kompisar f\u00e5r superkrafter&#8230;..l\u00e5ter kanske som vilken cheesy och ytlig superhj\u00e4ltefilm som helst&#8230;.men faktum \u00e4r att den h\u00e4r filmen \u00e4r l\u00e5ngt d\u00e4rifr\u00e5n. Ist\u00e4llet f\u00f6r att g\u00f6ra en film p\u00e5 hur tufft och h\u00e4ftigt det hade varit med krafter s\u00e5 f\u00e5r vi se den m\u00f6rka sidan av det&#8230;.mental p\u00e5verkan och v\u00e4nskaper som f\u00f6r\u00e4ndras d\u00e5 de alla tar olika v\u00e4gar med sina krafter.<\/li>\n<\/ul>\n<p>&nbsp;<\/p>\n<p><span style=\"color: #0fbbff;\">Film<\/span>: Snowpiercer<br \/>\n<a href=\"http:\/\/www.imdb.com\/title\/tt1706620\/\" target=\"_blank\">www.imdb.com\/title\/tt1706620\/<\/a><\/p>\n<ul>\n<li>Jorden \u00e4r obeboelig och de m\u00e4nniskor som \u00f6verlevt bor nu p\u00e5 sj\u00e4lvf\u00f6rs\u00f6rjande t\u00e5get Snowpiercer. Vi f\u00e5r f\u00f6lja med 17 \u00e5r in livet p\u00e5 t\u00e5get d\u00e4r det utvecklats stora klyftor mellan de fattiga l\u00e4ngst bak och de rika l\u00e4ngre fram. Tyranneri i allra h\u00f6gsta grad g\u00f6r att de som har det v\u00e4rst tar saken i egna h\u00e4nder och p\u00e5b\u00f6rjar ett krig f\u00f6r att ta sig l\u00e4ngst fram i t\u00e5get och f\u00e5 till f\u00f6r\u00e4ndring.<\/li>\n<\/ul>\n<p>&nbsp;<\/p>\n<p><span style=\"color: #0fbbff;\">Film<\/span>: Spanglish<br \/>\n<a href=\"http:\/\/www.imdb.com\/title\/tt0371246\/\" target=\"_blank\">www.imdb.com\/title\/tt0371246\/<\/a><\/p>\n<ul>\n<li>Vad ska man s\u00e4ga om Adam Sandler egentligen, l\u00e4ttsamma filmer som egentligen aldrig \u00e4r s\u00e4rskilt bra eller nyskapande. Denna film har dock ett djup och han spelar rollen bra. Kan ocks\u00e5 rekommendera hans film Click som ocks\u00e5 den har lite av ett djup gentemot hans annars r\u00e4tt s\u00e5 sl\u00e4ta filmer.<\/li>\n<\/ul>\n<p>&nbsp;<\/p>\n<p><span style=\"color: #0fbbff;\">Film<\/span>: Neverwas<br \/>\n<a href=\"http:\/\/www.imdb.com\/title\/tt0418004\/\" target=\"_blank\">www.imdb.com\/title\/tt0418004\/<\/a><\/p>\n<ul>\n<li>Jag \u00e4r inte mycket f\u00f6r drama men den h\u00e4r filmen tycker jag du ska se. Den blandar in lite mystik och f\u00e5r en att fundera p\u00e5 vad som \u00e4r verkligt och inte. Ian McKellen (Gandalf) g\u00f6r en j\u00e4kligt bra insats i sin roll.<\/li>\n<\/ul>\n<p>&nbsp;<\/p>\n<p><span style=\"color: #0fbbff;\">Film<\/span>: The secret life of Walter Mitty<br \/>\n<a href=\"http:\/\/www.imdb.com\/title\/tt0359950\/\" target=\"_blank\">www.imdb.com\/title\/tt0359950\/<\/a><\/p>\n<ul>\n<li>Fantastiskt fin, v\u00e4lgjord och t\u00e4nkv\u00e4rd film. Skulle s\u00e4ga den handlar om att v\u00e5ga och att verkligheten faktiskt kan vara ett st\u00f6rre \u00e4ventyr \u00e4n man tror. Riktigt bra musik och vackra milj\u00f6er.<\/li>\n<\/ul>\n<p>&nbsp;<\/p>\n<p><span style=\"color: #0fbbff;\">Film<\/span>: Martyrs<br \/>\n<a href=\"http:\/\/www.imdb.com\/title\/tt1029234\/\" target=\"_blank\">www.imdb.com\/title\/tt1029234\/<\/a><\/p>\n<ul>\n<li>Jag har alltid uppskattat skr\u00e4ckfilmer men det \u00e4r s\u00e4llan jag blir p\u00e5verkad eller ber\u00f6rd av genren. Denna film \u00e4r dock ett undantag och jag kan fortfarande inte riktigt sl\u00e4ppa det faktum att den satte sig i huvudet p\u00e5 mig.<\/li>\n<\/ul>\n<p>&nbsp;<\/p>\n<p><span style=\"color: #0fbbff;\">Film<\/span>: Tillbaka till framtiden<br \/>\n<a href=\"http:\/\/www.imdb.com\/title\/tt0088763\/\" target=\"_blank\">www.imdb.com\/title\/tt0088763\/<\/a><\/p>\n<ul>\n<li>En klassiker du inte f\u00e5r missa. Se ocks\u00e5 film tv\u00e5 och tre i denna trilogi. Michael J Fox i sitt esse.<\/li>\n<\/ul>\n","protected":false},"excerpt":{"rendered":"<p>Filmtips &nbsp; Filmtips hittills: 28 st Senast inlagda: 24\u00a0Mars 2016 &nbsp; &nbsp; Film:\u00a0Deadpool IMDB betyg: 8.4 www.imdb.com\/title\/tt1431045 A former Special Forces operative turned mercenary is subjected to a rogue experiment that leaves him with accelerated healing powers, adopting the alter ego Deadpool. &nbsp; Film:\u00a0The Martian www.imdb.com\/title\/tt3659388 During a manned mission to Mars, Astronaut Mark Watney [&hellip;]<\/p>\n","protected":false},"author":1,"featured_media":0,"parent":0,"menu_order":0,"comment_status":"open","ping_status":"open","template":"","meta":[],"yoast_head":"<!-- This site is optimized with the Yoast SEO plugin v20.12 - https:\/\/yoast.com\/wordpress\/plugins\/seo\/ -->\n<title>Filmtips - Slacksson - F\u00f6r dig som diggar film<\/title>\n<meta name=\"description\" content=\"H\u00e4r tipsas om filmer som kan vara v\u00e4rda att se om du inte redan gjort det. F\u00f6rs\u00f6ker l\u00e4gga upp nya tips varje g\u00e5ng jag sett n\u00e5got vettigt.\" \/>\n<meta name=\"robots\" content=\"index, follow, max-snippet:-1, max-image-preview:large, max-video-preview:-1\" \/>\n<link rel=\"canonical\" href=\"https:\/\/mickewp.cloudshare.info\/?page_id=1755\" \/>\n<meta property=\"og:locale\" content=\"sv_SE\" \/>\n<meta property=\"og:type\" content=\"article\" \/>\n<meta property=\"og:title\" content=\"Filmtips - Slacksson - F\u00f6r dig som diggar film\" \/>\n<meta property=\"og:description\" content=\"H\u00e4r tipsas om filmer som kan vara v\u00e4rda att se om du inte redan gjort det. F\u00f6rs\u00f6ker l\u00e4gga upp nya tips varje g\u00e5ng jag sett n\u00e5got vettigt.\" \/>\n<meta property=\"og:url\" content=\"https:\/\/mickewp.cloudshare.info\/?page_id=1755\" \/>\n<meta property=\"og:site_name\" content=\"Slacksson\" \/>\n<meta property=\"article:modified_time\" content=\"2016-03-29T07:01:57+00:00\" \/>\n<meta name=\"twitter:card\" content=\"summary_large_image\" \/>\n<meta name=\"twitter:site\" content=\"@slacksson\" \/>\n<meta name=\"twitter:label1\" content=\"Ber\u00e4knad l\u00e4stid\" \/>\n\t<meta name=\"twitter:data1\" content=\"8 minuter\" \/>\n<script type=\"application\/ld+json\" class=\"yoast-schema-graph\">{\"@context\":\"https:\/\/schema.org\",\"@graph\":[{\"@type\":\"WebPage\",\"@id\":\"https:\/\/mickewp.cloudshare.info\/?page_id=1755\",\"url\":\"https:\/\/mickewp.cloudshare.info\/?page_id=1755\",\"name\":\"Filmtips - Slacksson - F\u00f6r dig som diggar film\",\"isPartOf\":{\"@id\":\"https:\/\/mickewp.cloudshare.info\/#website\"},\"datePublished\":\"2015-04-19T09:58:12+00:00\",\"dateModified\":\"2016-03-29T07:01:57+00:00\",\"description\":\"H\u00e4r tipsas om filmer som kan vara v\u00e4rda att se om du inte redan gjort det. F\u00f6rs\u00f6ker l\u00e4gga upp nya tips varje g\u00e5ng jag sett n\u00e5got vettigt.\",\"breadcrumb\":{\"@id\":\"https:\/\/mickewp.cloudshare.info\/?page_id=1755#breadcrumb\"},\"inLanguage\":\"sv-SE\",\"potentialAction\":[{\"@type\":\"ReadAction\",\"target\":[\"https:\/\/mickewp.cloudshare.info\/?page_id=1755\"]}]},{\"@type\":\"BreadcrumbList\",\"@id\":\"https:\/\/mickewp.cloudshare.info\/?page_id=1755#breadcrumb\",\"itemListElement\":[{\"@type\":\"ListItem\",\"position\":1,\"name\":\"Hem\",\"item\":\"https:\/\/mickewp.cloudshare.info\/\"},{\"@type\":\"ListItem\",\"position\":2,\"name\":\"Filmtips\"}]},{\"@type\":\"WebSite\",\"@id\":\"https:\/\/mickewp.cloudshare.info\/#website\",\"url\":\"https:\/\/mickewp.cloudshare.info\/\",\"name\":\"Slacksson\",\"description\":\"\",\"potentialAction\":[{\"@type\":\"SearchAction\",\"target\":{\"@type\":\"EntryPoint\",\"urlTemplate\":\"https:\/\/mickewp.cloudshare.info\/?s={search_term_string}\"},\"query-input\":\"required name=search_term_string\"}],\"inLanguage\":\"sv-SE\"}]}<\/script>\n<!-- \/ Yoast SEO plugin. -->","yoast_head_json":{"title":"Filmtips - Slacksson - F\u00f6r dig som diggar film","description":"H\u00e4r tipsas om filmer som kan vara v\u00e4rda att se om du inte redan gjort det. F\u00f6rs\u00f6ker l\u00e4gga upp nya tips varje g\u00e5ng jag sett n\u00e5got vettigt.","robots":{"index":"index","follow":"follow","max-snippet":"max-snippet:-1","max-image-preview":"max-image-preview:large","max-video-preview":"max-video-preview:-1"},"canonical":"https:\/\/mickewp.cloudshare.info\/?page_id=1755","og_locale":"sv_SE","og_type":"article","og_title":"Filmtips - Slacksson - F\u00f6r dig som diggar film","og_description":"H\u00e4r tipsas om filmer som kan vara v\u00e4rda att se om du inte redan gjort det. F\u00f6rs\u00f6ker l\u00e4gga upp nya tips varje g\u00e5ng jag sett n\u00e5got vettigt.","og_url":"https:\/\/mickewp.cloudshare.info\/?page_id=1755","og_site_name":"Slacksson","article_modified_time":"2016-03-29T07:01:57+00:00","twitter_card":"summary_large_image","twitter_site":"@slacksson","twitter_misc":{"Ber\u00e4knad l\u00e4stid":"8 minuter"},"schema":{"@context":"https:\/\/schema.org","@graph":[{"@type":"WebPage","@id":"https:\/\/mickewp.cloudshare.info\/?page_id=1755","url":"https:\/\/mickewp.cloudshare.info\/?page_id=1755","name":"Filmtips - Slacksson - F\u00f6r dig som diggar film","isPartOf":{"@id":"https:\/\/mickewp.cloudshare.info\/#website"},"datePublished":"2015-04-19T09:58:12+00:00","dateModified":"2016-03-29T07:01:57+00:00","description":"H\u00e4r tipsas om filmer som kan vara v\u00e4rda att se om du inte redan gjort det. F\u00f6rs\u00f6ker l\u00e4gga upp nya tips varje g\u00e5ng jag sett n\u00e5got vettigt.","breadcrumb":{"@id":"https:\/\/mickewp.cloudshare.info\/?page_id=1755#breadcrumb"},"inLanguage":"sv-SE","potentialAction":[{"@type":"ReadAction","target":["https:\/\/mickewp.cloudshare.info\/?page_id=1755"]}]},{"@type":"BreadcrumbList","@id":"https:\/\/mickewp.cloudshare.info\/?page_id=1755#breadcrumb","itemListElement":[{"@type":"ListItem","position":1,"name":"Hem","item":"https:\/\/mickewp.cloudshare.info\/"},{"@type":"ListItem","position":2,"name":"Filmtips"}]},{"@type":"WebSite","@id":"https:\/\/mickewp.cloudshare.info\/#website","url":"https:\/\/mickewp.cloudshare.info\/","name":"Slacksson","description":"","potentialAction":[{"@type":"SearchAction","target":{"@type":"EntryPoint","urlTemplate":"https:\/\/mickewp.cloudshare.info\/?s={search_term_string}"},"query-input":"required name=search_term_string"}],"inLanguage":"sv-SE"}]}},"_links":{"self":[{"href":"https:\/\/mickewp.cloudshare.info\/index.php?rest_route=\/wp\/v2\/pages\/1755"}],"collection":[{"href":"https:\/\/mickewp.cloudshare.info\/index.php?rest_route=\/wp\/v2\/pages"}],"about":[{"href":"https:\/\/mickewp.cloudshare.info\/index.php?rest_route=\/wp\/v2\/types\/page"}],"author":[{"embeddable":true,"href":"https:\/\/mickewp.cloudshare.info\/index.php?rest_route=\/wp\/v2\/users\/1"}],"replies":[{"embeddable":true,"href":"https:\/\/mickewp.cloudshare.info\/index.php?rest_route=%2Fwp%2Fv2%2Fcomments&post=1755"}],"version-history":[{"count":6,"href":"https:\/\/mickewp.cloudshare.info\/index.php?rest_route=\/wp\/v2\/pages\/1755\/revisions"}],"predecessor-version":[{"id":24362,"href":"https:\/\/mickewp.cloudshare.info\/index.php?rest_route=\/wp\/v2\/pages\/1755\/revisions\/24362"}],"wp:attachment":[{"href":"https:\/\/mickewp.cloudshare.info\/index.php?rest_route=%2Fwp%2Fv2%2Fmedia&parent=1755"}],"curies":[{"name":"wp","href":"https:\/\/api.w.org\/{rel}","templated":true}]}}