{"id":1619,"date":"2015-04-13T12:16:38","date_gmt":"2015-04-13T12:16:38","guid":{"rendered":"https:\/\/mickewp.cloudshare.info\/?page_id=1619"},"modified":"2015-10-09T11:05:31","modified_gmt":"2015-10-09T09:05:31","slug":"fotoredigerare","status":"publish","type":"page","link":"https:\/\/mickewp.cloudshare.info\/?page_id=1619","title":{"rendered":"Fotoredigerare"},"content":{"rendered":"<h2>Fotoredigerare<\/h2>\n<p>&nbsp;<\/p>\n<p>Med fotoredigerare kan\u00a0du redigera dina foton om du har behov av det. Har du n\u00e5n g\u00e5ng arbetat i Photoshop s\u00e5 kommer du k\u00e4nna igen dig i gratisverktyg Pixlr h\u00e4r nedan. Verktyget\u00a0kr\u00e4ver minst Flash Player 10 vilket alla mobila enheter inte har. D\u00e5 kan du ist\u00e4llet anv\u00e4nda redigeraren LunaPic som ligger under Pixlr p\u00e5 denna sida. Lycka till!<\/p>\n<p>&nbsp;<\/p>\n<p>Detta \u00e4r <a href=\"http:\/\/apps.pixlr.com\/editor\/\" target=\"_blank\">Pixlr &#8211; Online Photo Editor<\/a> fr\u00e5n Autodesk Inc. (klicka p\u00e5 l\u00e4nken f\u00f6r att \u00f6ppna redigeraren i eget f\u00f6nster).<\/p>\n<style type=\"text\/css\">\r\n       .errordiv { padding:10px; margin:10px; border: 1px solid #555555;color: #000000;background-color: #f8f8f8; width:500px; }#advanced_iframe {visibility:visible;opacity:1;vertical-align:top;}.ai-info-bottom-iframe { position: fixed; z-index: 10000; bottom:0; left: 0; margin: 0px; text-align: center; width: 100%; background-color: #ff9999; padding-left: 5px;padding-bottom: 5px; border-top: 1px solid #aaa } a.ai-bold {font-weight: bold;}#ai-layer-div-advanced_iframe p {height:100%;margin:0;padding:0}<\/style><script type=\"text\/javascript\">var ai_iframe_width_advanced_iframe = 0;var ai_iframe_height_advanced_iframe = 0;var aiIsIe8=false;var aiOnloadScrollTop=\"true\";var aiShowDebug=false;\r\n\t\tif (typeof aiReadyCallbacks === 'undefined') {\r\n\t\t\tvar aiReadyCallbacks = [];  \r\n\t\t} else if (!(aiReadyCallbacks instanceof Array)) {\r\n\t\t\tvar aiReadyCallbacks = [];\r\n\t\t}    function aiShowIframeId(id_iframe) { jQuery(\"#\"+id_iframe).css(\"visibility\", \"visible\");    }    function aiResizeIframeHeight(height) { aiResizeIframeHeight(height,advanced_iframe); }    function aiResizeIframeHeightId(height,width,id) {aiResizeIframeHeightById(id,height);}<\/script>Http iframes are not shown in https pages in many major browsers. Please read <a href=\"\/\/www.tinywebgallery.com\/blog\/iframe-do-not-mix-http-and-https\" target=\"_blank\">this post<\/a> for details.<iframe id=\"advanced_iframe\"  name=\"advanced_iframe\"  src=\"http:\/\/apps.pixlr.com\/editor\/\"  width=\"100%\"  height=\"600\"  scrolling=\"auto\"  frameborder=\"0\"  allowtransparency=\"true\"  loading=\"lazy\"  style=\";width:100%;height:600px;\"  allowfullscreen ><\/iframe><script type=\"text\/javascript\">var ifrm_advanced_iframe = document.getElementById(\"advanced_iframe\");var hiddenTabsDoneadvanced_iframe = false;\r\nfunction resizeCallbackadvanced_iframe() {}<\/script><script type=\"text\/javascript\"><\/script>\n<p>&nbsp;<\/p>\n<p>Detta \u00e4r LunaPic som du kan anv\u00e4nda om Pixlr inte fungerar f\u00f6r dig.<\/p>\n<style type=\"text\/css\">\r\n       .errordiv { padding:10px; margin:10px; border: 1px solid #555555;color: #000000;background-color: #f8f8f8; width:500px; }#iframe2 {visibility:visible;opacity:1;vertical-align:top;}.ai-info-bottom-iframe { position: fixed; z-index: 10000; bottom:0; left: 0; margin: 0px; text-align: center; width: 100%; background-color: #ff9999; padding-left: 5px;padding-bottom: 5px; border-top: 1px solid #aaa } a.ai-bold {font-weight: bold;}#ai-layer-div-iframe2 p {height:100%;margin:0;padding:0}<\/style><script type=\"text\/javascript\">var ai_iframe_width_iframe2 = 0;var ai_iframe_height_iframe2 = 0;var aiIsIe8=false;var aiOnloadScrollTop=\"true\";var aiShowDebug=false;\r\n\t\tif (typeof aiReadyCallbacks === 'undefined') {\r\n\t\t\tvar aiReadyCallbacks = [];  \r\n\t\t} else if (!(aiReadyCallbacks instanceof Array)) {\r\n\t\t\tvar aiReadyCallbacks = [];\r\n\t\t}    function aiShowIframeId(id_iframe) { jQuery(\"#\"+id_iframe).css(\"visibility\", \"visible\");    }    function aiResizeIframeHeight(height) { aiResizeIframeHeight(height,iframe2); }    function aiResizeIframeHeightId(height,width,id) {aiResizeIframeHeightById(id,height);}<\/script>Http iframes are not shown in https pages in many major browsers. Please read <a href=\"\/\/www.tinywebgallery.com\/blog\/iframe-do-not-mix-http-and-https\" target=\"_blank\">this post<\/a> for details.<iframe id=\"iframe2\"  name=\"iframe2\"  src=\"http:\/\/www171.lunapic.com\/editor\/?action=quick-crop\"  width=\"100%\"  height=\"600\"  scrolling=\"auto\"  frameborder=\"0\"  allowtransparency=\"true\"  loading=\"lazy\"  style=\";width:100%;height:600px;\"  allowfullscreen ><\/iframe><script type=\"text\/javascript\">var ifrm_iframe2 = document.getElementById(\"iframe2\");var hiddenTabsDoneiframe2 = false;\r\nfunction resizeCallbackiframe2() {}<\/script><script type=\"text\/javascript\"><\/script>\n","protected":false},"excerpt":{"rendered":"<p>Fotoredigerare &nbsp; Med fotoredigerare kan\u00a0du redigera dina foton om du har behov av det. Har du n\u00e5n g\u00e5ng arbetat i Photoshop s\u00e5 kommer du k\u00e4nna igen dig i gratisverktyg Pixlr h\u00e4r nedan. Verktyget\u00a0kr\u00e4ver minst Flash Player 10 vilket alla mobila enheter inte har. D\u00e5 kan du ist\u00e4llet anv\u00e4nda redigeraren LunaPic som ligger under Pixlr p\u00e5 [&hellip;]<\/p>\n","protected":false},"author":1,"featured_media":0,"parent":0,"menu_order":0,"comment_status":"closed","ping_status":"open","template":"","meta":[],"yoast_head":"<!-- This site is optimized with the Yoast SEO plugin v20.12 - https:\/\/yoast.com\/wordpress\/plugins\/seo\/ -->\n<title>Fotoredigerare - Slacksson- Redigera dina foton<\/title>\n<meta name=\"description\" content=\"Beh\u00f6ver du redigera dina foton innan du skickar in dem till mig kan du g\u00f6ra det h\u00e4r. Denna fotoredigerare finns online och \u00e4r likt Photoshop.\" \/>\n<meta name=\"robots\" content=\"index, follow, max-snippet:-1, max-image-preview:large, max-video-preview:-1\" \/>\n<link rel=\"canonical\" href=\"https:\/\/mickewp.cloudshare.info\/?page_id=1619\" \/>\n<meta property=\"og:locale\" content=\"sv_SE\" \/>\n<meta property=\"og:type\" content=\"article\" \/>\n<meta property=\"og:title\" content=\"Fotoredigerare - Slacksson- Redigera dina foton\" \/>\n<meta property=\"og:description\" content=\"Beh\u00f6ver du redigera dina foton innan du skickar in dem till mig kan du g\u00f6ra det h\u00e4r. Denna fotoredigerare finns online och \u00e4r likt Photoshop.\" \/>\n<meta property=\"og:url\" content=\"https:\/\/mickewp.cloudshare.info\/?page_id=1619\" \/>\n<meta property=\"og:site_name\" content=\"Slacksson\" \/>\n<meta property=\"article:modified_time\" content=\"2015-10-09T09:05:31+00:00\" \/>\n<meta name=\"twitter:card\" content=\"summary_large_image\" \/>\n<meta name=\"twitter:site\" content=\"@slacksson\" \/>\n<meta name=\"twitter:label1\" content=\"Ber\u00e4knad l\u00e4stid\" \/>\n\t<meta name=\"twitter:data1\" content=\"1 minut\" \/>\n<script type=\"application\/ld+json\" class=\"yoast-schema-graph\">{\"@context\":\"https:\/\/schema.org\",\"@graph\":[{\"@type\":\"WebPage\",\"@id\":\"https:\/\/mickewp.cloudshare.info\/?page_id=1619\",\"url\":\"https:\/\/mickewp.cloudshare.info\/?page_id=1619\",\"name\":\"Fotoredigerare - Slacksson- Redigera dina foton\",\"isPartOf\":{\"@id\":\"https:\/\/mickewp.cloudshare.info\/#website\"},\"datePublished\":\"2015-04-13T12:16:38+00:00\",\"dateModified\":\"2015-10-09T09:05:31+00:00\",\"description\":\"Beh\u00f6ver du redigera dina foton innan du skickar in dem till mig kan du g\u00f6ra det h\u00e4r. Denna fotoredigerare finns online och \u00e4r likt Photoshop.\",\"breadcrumb\":{\"@id\":\"https:\/\/mickewp.cloudshare.info\/?page_id=1619#breadcrumb\"},\"inLanguage\":\"sv-SE\",\"potentialAction\":[{\"@type\":\"ReadAction\",\"target\":[\"https:\/\/mickewp.cloudshare.info\/?page_id=1619\"]}]},{\"@type\":\"BreadcrumbList\",\"@id\":\"https:\/\/mickewp.cloudshare.info\/?page_id=1619#breadcrumb\",\"itemListElement\":[{\"@type\":\"ListItem\",\"position\":1,\"name\":\"Hem\",\"item\":\"https:\/\/mickewp.cloudshare.info\/\"},{\"@type\":\"ListItem\",\"position\":2,\"name\":\"Fotoredigerare\"}]},{\"@type\":\"WebSite\",\"@id\":\"https:\/\/mickewp.cloudshare.info\/#website\",\"url\":\"https:\/\/mickewp.cloudshare.info\/\",\"name\":\"Slacksson\",\"description\":\"\",\"potentialAction\":[{\"@type\":\"SearchAction\",\"target\":{\"@type\":\"EntryPoint\",\"urlTemplate\":\"https:\/\/mickewp.cloudshare.info\/?s={search_term_string}\"},\"query-input\":\"required name=search_term_string\"}],\"inLanguage\":\"sv-SE\"}]}<\/script>\n<!-- \/ Yoast SEO plugin. -->","yoast_head_json":{"title":"Fotoredigerare - Slacksson- Redigera dina foton","description":"Beh\u00f6ver du redigera dina foton innan du skickar in dem till mig kan du g\u00f6ra det h\u00e4r. Denna fotoredigerare finns online och \u00e4r likt Photoshop.","robots":{"index":"index","follow":"follow","max-snippet":"max-snippet:-1","max-image-preview":"max-image-preview:large","max-video-preview":"max-video-preview:-1"},"canonical":"https:\/\/mickewp.cloudshare.info\/?page_id=1619","og_locale":"sv_SE","og_type":"article","og_title":"Fotoredigerare - Slacksson- Redigera dina foton","og_description":"Beh\u00f6ver du redigera dina foton innan du skickar in dem till mig kan du g\u00f6ra det h\u00e4r. Denna fotoredigerare finns online och \u00e4r likt Photoshop.","og_url":"https:\/\/mickewp.cloudshare.info\/?page_id=1619","og_site_name":"Slacksson","article_modified_time":"2015-10-09T09:05:31+00:00","twitter_card":"summary_large_image","twitter_site":"@slacksson","twitter_misc":{"Ber\u00e4knad l\u00e4stid":"1 minut"},"schema":{"@context":"https:\/\/schema.org","@graph":[{"@type":"WebPage","@id":"https:\/\/mickewp.cloudshare.info\/?page_id=1619","url":"https:\/\/mickewp.cloudshare.info\/?page_id=1619","name":"Fotoredigerare - Slacksson- Redigera dina foton","isPartOf":{"@id":"https:\/\/mickewp.cloudshare.info\/#website"},"datePublished":"2015-04-13T12:16:38+00:00","dateModified":"2015-10-09T09:05:31+00:00","description":"Beh\u00f6ver du redigera dina foton innan du skickar in dem till mig kan du g\u00f6ra det h\u00e4r. Denna fotoredigerare finns online och \u00e4r likt Photoshop.","breadcrumb":{"@id":"https:\/\/mickewp.cloudshare.info\/?page_id=1619#breadcrumb"},"inLanguage":"sv-SE","potentialAction":[{"@type":"ReadAction","target":["https:\/\/mickewp.cloudshare.info\/?page_id=1619"]}]},{"@type":"BreadcrumbList","@id":"https:\/\/mickewp.cloudshare.info\/?page_id=1619#breadcrumb","itemListElement":[{"@type":"ListItem","position":1,"name":"Hem","item":"https:\/\/mickewp.cloudshare.info\/"},{"@type":"ListItem","position":2,"name":"Fotoredigerare"}]},{"@type":"WebSite","@id":"https:\/\/mickewp.cloudshare.info\/#website","url":"https:\/\/mickewp.cloudshare.info\/","name":"Slacksson","description":"","potentialAction":[{"@type":"SearchAction","target":{"@type":"EntryPoint","urlTemplate":"https:\/\/mickewp.cloudshare.info\/?s={search_term_string}"},"query-input":"required name=search_term_string"}],"inLanguage":"sv-SE"}]}},"_links":{"self":[{"href":"https:\/\/mickewp.cloudshare.info\/index.php?rest_route=\/wp\/v2\/pages\/1619"}],"collection":[{"href":"https:\/\/mickewp.cloudshare.info\/index.php?rest_route=\/wp\/v2\/pages"}],"about":[{"href":"https:\/\/mickewp.cloudshare.info\/index.php?rest_route=\/wp\/v2\/types\/page"}],"author":[{"embeddable":true,"href":"https:\/\/mickewp.cloudshare.info\/index.php?rest_route=\/wp\/v2\/users\/1"}],"replies":[{"embeddable":true,"href":"https:\/\/mickewp.cloudshare.info\/index.php?rest_route=%2Fwp%2Fv2%2Fcomments&post=1619"}],"version-history":[{"count":0,"href":"https:\/\/mickewp.cloudshare.info\/index.php?rest_route=\/wp\/v2\/pages\/1619\/revisions"}],"wp:attachment":[{"href":"https:\/\/mickewp.cloudshare.info\/index.php?rest_route=%2Fwp%2Fv2%2Fmedia&parent=1619"}],"curies":[{"name":"wp","href":"https:\/\/api.w.org\/{rel}","templated":true}]}}