{"id":1341,"date":"2015-04-03T09:02:02","date_gmt":"2015-04-03T09:02:02","guid":{"rendered":"https:\/\/mickewp.cloudshare.info\/?page_id=1341"},"modified":"2015-10-09T11:09:01","modified_gmt":"2015-10-09T09:09:01","slug":"fototips","status":"publish","type":"page","link":"https:\/\/mickewp.cloudshare.info\/?page_id=1341","title":{"rendered":"Fototips"},"content":{"rendered":"<h2>Fototips<\/h2>\n<p>&nbsp;<\/p>\n<p>H\u00e4r finns lite fototips fr\u00e5n bra sidor samt mina egna.\u00a0Kanske ger dem dig\u00a0lite nya id\u00e9er och tankar\u00a0f\u00f6r ditt fotograferande. Jag\u00a0vill dock po\u00e4ngtera att jag \u00e4r\u00a0\u00f6vertygad om att alla i hela v\u00e4rlden kan fotografera och f\u00e5 fantastiska resultat utan att ens veta vad som \u00e4r r\u00e4tt eller\u00a0fel. Det \u00e4r det som \u00e4r tjusningen.<\/p>\n<p>&nbsp;<\/p>\n<p>Har du sj\u00e4lv fototips f\u00e5r du g\u00e4rna bidra med dessa.<\/p>\n<p>&nbsp;<\/p>\n<p style=\"text-align: center;\"><a href=\"https:\/\/mickewp.cloudshare.info\/vip-fototips\/\">Ladda upp eget tips p\u00e5 VIP Fototips<\/a>\u00a0<span style=\"font-size: 12px;\">(Fungerar bara om du \u00e4r inloggad)<\/span><\/p>\n<p>&nbsp;<\/p>\n<ul>\n<li><a href=\"http:\/\/www.exposureguide.com\/top-10-digital-photography-tips.htm\" target=\"_blank\">10 enkla och bra fototips<\/a><\/li>\n<\/ul>\n<p><span style=\"font-size: 14px;\">\u00a0<\/span><\/p>\n<ul>\n<li><a href=\"http:\/\/www.exposureguide.com\/photographing-landscapes.htm\" target=\"_blank\">Tips f\u00f6r dig som\u00a0gillar att fotografera landskap<\/a><\/li>\n<\/ul>\n<p><span style=\"font-size: 14px;\">\u00a0<\/span><\/p>\n<ul>\n<li><a href=\"http:\/\/www.exposureguide.com\/travel-photography-basics.htm\" target=\"_blank\">Tips f\u00f6r dig som fotar p\u00e5 resan<\/a><\/li>\n<\/ul>\n<p><span style=\"font-size: 14px;\">\u00a0<\/span><\/p>\n<ul>\n<li><a href=\"http:\/\/www.exposureguide.com\/top-10-composition-tips.htm\" target=\"_blank\">10 tips p\u00e5 hur du komponerar ditt foto<\/a><\/li>\n<\/ul>\n<p>&nbsp;<\/p>\n<ul>\n<li><a href=\"http:\/\/www.exposureguide.com\/top-10-digital-photography-mistakes.htm\" target=\"_blank\">10 vanliga fotomisstag v\u00e4rda att t\u00e4nka p\u00e5<\/a><\/li>\n<\/ul>\n<p>&nbsp;<\/p>\n<p>Mina egna tips blir:<\/p>\n<p>&nbsp;<\/p>\n<ul>\n<li>K\u00e4nns fotot inte helt r\u00e4tt innan du trycker av, prova att komma\u00a0n\u00e4rmare. Som <a href=\"http:\/\/sv.wikipedia.org\/wiki\/Robert_Capa\" target=\"_blank\">Robert Capa<\/a>\u00a0sa: <em>&#8221;If your photographs aren\u2019t good enough, you\u2019re not close enough.&#8221;<\/em>.<\/li>\n<\/ul>\n<p>&nbsp;<\/p>\n<ul>\n<li>Fota s\u00e5 ofta du kan f\u00f6r det \u00e4r enda s\u00e4ttet att bli b\u00e4ttre p\u00e5 och hitta din egen stil.<\/li>\n<\/ul>\n<p>&nbsp;<\/p>\n<ul>\n<li>Tro inte att du ALDRIG beh\u00f6ver blixt utomhus bara f\u00f6r det \u00e4r ljust. Blixten kan hj\u00e4lpa dig bli av med ov\u00e4lkomna skuggor.<\/li>\n<\/ul>\n<p>&nbsp;<\/p>\n<ul>\n<li>T\u00e4nk p\u00e5 kompositionen i ditt foto innan du trycker av, med andra ord, slappna av och andas och hasta inte fotot.<\/li>\n<\/ul>\n<p>&nbsp;<\/p>\n<ul>\n<li>\u00c4ven om du vid tillf\u00e4llen inte har kameran med dig, t\u00e4nk \u00e4nd\u00e5 p\u00e5 det du ser som genom en kameras \u00f6ga och tr\u00e4na tankarna vad g\u00e4ller komposition, ljus, exponering osv.<\/li>\n<\/ul>\n<p>&nbsp;<\/p>\n<ul>\n<li>T\u00e4nk p\u00e5 perspektivet. Ett fotot \u00e4r n\u00e4stan alltid mer intressant n\u00e4r det \u00e4r taget fr\u00e5n en annorlunda vinkel \u00e4n rakt framifr\u00e5n.<\/li>\n<\/ul>\n<p>&nbsp;<\/p>\n<ul>\n<li>N\u00e5got jag gjorde ofta i b\u00f6rjan var att efter varje taget foto titta p\u00e5 sk\u00e4rmen hur det blev. Ett tips \u00e4r att inte ta upp den vanan. Risken \u00e4r att du missar det \u00f6gonblicket i den sekunden som du faktiskt var ute efter att fota.<\/li>\n<\/ul>\n<p>&nbsp;<\/p>\n<ul>\n<li>Kanske viktigast av allt, \u00e4ven om du l\u00e4st om tekniker och f\u00e5tt tips\u00a0till f\u00f6rbannelse&#8230;&#8230;dom \u00e4r INGEN lag som m\u00e5ste f\u00f6ljas. Ha roligt n\u00e4r du fotar, kom p\u00e5 egna tekniker, g\u00f6r misstag och l\u00e4r dig av dem.<\/li>\n<\/ul>\n<p><span style=\"font-size: 14px;\">\u00a0<\/span><\/p>\n<p><span style=\"font-size: 14px;\"><em>Fler tips kommer.<\/em><\/span><\/p>\n","protected":false},"excerpt":{"rendered":"<p>Fototips &nbsp; H\u00e4r finns lite fototips fr\u00e5n bra sidor samt mina egna.\u00a0Kanske ger dem dig\u00a0lite nya id\u00e9er och tankar\u00a0f\u00f6r ditt fotograferande. Jag\u00a0vill dock po\u00e4ngtera att jag \u00e4r\u00a0\u00f6vertygad om att alla i hela v\u00e4rlden kan fotografera och f\u00e5 fantastiska resultat utan att ens veta vad som \u00e4r r\u00e4tt eller\u00a0fel. Det \u00e4r det som \u00e4r tjusningen. &nbsp; [&hellip;]<\/p>\n","protected":false},"author":1,"featured_media":0,"parent":0,"menu_order":0,"comment_status":"closed","ping_status":"open","template":"","meta":[],"yoast_head":"<!-- This site is optimized with the Yoast SEO plugin v20.12 - https:\/\/yoast.com\/wordpress\/plugins\/seo\/ -->\n<title>Fototips - Slacksson<\/title>\n<meta name=\"description\" content=\"H\u00e4r finns lite fototips fr\u00e5n bra sidor samt mina egna. Kanske ger dem dig lite nya id\u00e9er och tankar f\u00f6r ditt fotograferande.\" \/>\n<meta name=\"robots\" content=\"index, follow, max-snippet:-1, max-image-preview:large, max-video-preview:-1\" \/>\n<link rel=\"canonical\" href=\"https:\/\/mickewp.cloudshare.info\/?page_id=1341\" \/>\n<meta property=\"og:locale\" content=\"sv_SE\" \/>\n<meta property=\"og:type\" content=\"article\" \/>\n<meta property=\"og:title\" content=\"Fototips - Slacksson\" \/>\n<meta property=\"og:description\" content=\"H\u00e4r finns lite fototips fr\u00e5n bra sidor samt mina egna. Kanske ger dem dig lite nya id\u00e9er och tankar f\u00f6r ditt fotograferande.\" \/>\n<meta property=\"og:url\" content=\"https:\/\/mickewp.cloudshare.info\/?page_id=1341\" \/>\n<meta property=\"og:site_name\" content=\"Slacksson\" \/>\n<meta property=\"article:modified_time\" content=\"2015-10-09T09:09:01+00:00\" \/>\n<meta name=\"twitter:card\" content=\"summary_large_image\" \/>\n<meta name=\"twitter:site\" content=\"@slacksson\" \/>\n<meta name=\"twitter:label1\" content=\"Ber\u00e4knad l\u00e4stid\" \/>\n\t<meta name=\"twitter:data1\" content=\"2 minuter\" \/>\n<script type=\"application\/ld+json\" class=\"yoast-schema-graph\">{\"@context\":\"https:\/\/schema.org\",\"@graph\":[{\"@type\":\"WebPage\",\"@id\":\"https:\/\/mickewp.cloudshare.info\/?page_id=1341\",\"url\":\"https:\/\/mickewp.cloudshare.info\/?page_id=1341\",\"name\":\"Fototips - Slacksson\",\"isPartOf\":{\"@id\":\"https:\/\/mickewp.cloudshare.info\/#website\"},\"datePublished\":\"2015-04-03T09:02:02+00:00\",\"dateModified\":\"2015-10-09T09:09:01+00:00\",\"description\":\"H\u00e4r finns lite fototips fr\u00e5n bra sidor samt mina egna. Kanske ger dem dig lite nya id\u00e9er och tankar f\u00f6r ditt fotograferande.\",\"breadcrumb\":{\"@id\":\"https:\/\/mickewp.cloudshare.info\/?page_id=1341#breadcrumb\"},\"inLanguage\":\"sv-SE\",\"potentialAction\":[{\"@type\":\"ReadAction\",\"target\":[\"https:\/\/mickewp.cloudshare.info\/?page_id=1341\"]}]},{\"@type\":\"BreadcrumbList\",\"@id\":\"https:\/\/mickewp.cloudshare.info\/?page_id=1341#breadcrumb\",\"itemListElement\":[{\"@type\":\"ListItem\",\"position\":1,\"name\":\"Hem\",\"item\":\"https:\/\/mickewp.cloudshare.info\/\"},{\"@type\":\"ListItem\",\"position\":2,\"name\":\"Fototips\"}]},{\"@type\":\"WebSite\",\"@id\":\"https:\/\/mickewp.cloudshare.info\/#website\",\"url\":\"https:\/\/mickewp.cloudshare.info\/\",\"name\":\"Slacksson\",\"description\":\"\",\"potentialAction\":[{\"@type\":\"SearchAction\",\"target\":{\"@type\":\"EntryPoint\",\"urlTemplate\":\"https:\/\/mickewp.cloudshare.info\/?s={search_term_string}\"},\"query-input\":\"required name=search_term_string\"}],\"inLanguage\":\"sv-SE\"}]}<\/script>\n<!-- \/ Yoast SEO plugin. -->","yoast_head_json":{"title":"Fototips - Slacksson","description":"H\u00e4r finns lite fototips fr\u00e5n bra sidor samt mina egna. Kanske ger dem dig lite nya id\u00e9er och tankar f\u00f6r ditt fotograferande.","robots":{"index":"index","follow":"follow","max-snippet":"max-snippet:-1","max-image-preview":"max-image-preview:large","max-video-preview":"max-video-preview:-1"},"canonical":"https:\/\/mickewp.cloudshare.info\/?page_id=1341","og_locale":"sv_SE","og_type":"article","og_title":"Fototips - Slacksson","og_description":"H\u00e4r finns lite fototips fr\u00e5n bra sidor samt mina egna. Kanske ger dem dig lite nya id\u00e9er och tankar f\u00f6r ditt fotograferande.","og_url":"https:\/\/mickewp.cloudshare.info\/?page_id=1341","og_site_name":"Slacksson","article_modified_time":"2015-10-09T09:09:01+00:00","twitter_card":"summary_large_image","twitter_site":"@slacksson","twitter_misc":{"Ber\u00e4knad l\u00e4stid":"2 minuter"},"schema":{"@context":"https:\/\/schema.org","@graph":[{"@type":"WebPage","@id":"https:\/\/mickewp.cloudshare.info\/?page_id=1341","url":"https:\/\/mickewp.cloudshare.info\/?page_id=1341","name":"Fototips - Slacksson","isPartOf":{"@id":"https:\/\/mickewp.cloudshare.info\/#website"},"datePublished":"2015-04-03T09:02:02+00:00","dateModified":"2015-10-09T09:09:01+00:00","description":"H\u00e4r finns lite fototips fr\u00e5n bra sidor samt mina egna. Kanske ger dem dig lite nya id\u00e9er och tankar f\u00f6r ditt fotograferande.","breadcrumb":{"@id":"https:\/\/mickewp.cloudshare.info\/?page_id=1341#breadcrumb"},"inLanguage":"sv-SE","potentialAction":[{"@type":"ReadAction","target":["https:\/\/mickewp.cloudshare.info\/?page_id=1341"]}]},{"@type":"BreadcrumbList","@id":"https:\/\/mickewp.cloudshare.info\/?page_id=1341#breadcrumb","itemListElement":[{"@type":"ListItem","position":1,"name":"Hem","item":"https:\/\/mickewp.cloudshare.info\/"},{"@type":"ListItem","position":2,"name":"Fototips"}]},{"@type":"WebSite","@id":"https:\/\/mickewp.cloudshare.info\/#website","url":"https:\/\/mickewp.cloudshare.info\/","name":"Slacksson","description":"","potentialAction":[{"@type":"SearchAction","target":{"@type":"EntryPoint","urlTemplate":"https:\/\/mickewp.cloudshare.info\/?s={search_term_string}"},"query-input":"required name=search_term_string"}],"inLanguage":"sv-SE"}]}},"_links":{"self":[{"href":"https:\/\/mickewp.cloudshare.info\/index.php?rest_route=\/wp\/v2\/pages\/1341"}],"collection":[{"href":"https:\/\/mickewp.cloudshare.info\/index.php?rest_route=\/wp\/v2\/pages"}],"about":[{"href":"https:\/\/mickewp.cloudshare.info\/index.php?rest_route=\/wp\/v2\/types\/page"}],"author":[{"embeddable":true,"href":"https:\/\/mickewp.cloudshare.info\/index.php?rest_route=\/wp\/v2\/users\/1"}],"replies":[{"embeddable":true,"href":"https:\/\/mickewp.cloudshare.info\/index.php?rest_route=%2Fwp%2Fv2%2Fcomments&post=1341"}],"version-history":[{"count":0,"href":"https:\/\/mickewp.cloudshare.info\/index.php?rest_route=\/wp\/v2\/pages\/1341\/revisions"}],"wp:attachment":[{"href":"https:\/\/mickewp.cloudshare.info\/index.php?rest_route=%2Fwp%2Fv2%2Fmedia&parent=1341"}],"curies":[{"name":"wp","href":"https:\/\/api.w.org\/{rel}","templated":true}]}}